{"id":1532,"date":"2022-10-06T09:59:07","date_gmt":"2022-10-06T12:59:07","guid":{"rendered":"http:\/\/fortgen.com\/?page_id=1532"},"modified":"2023-01-26T16:39:41","modified_gmt":"2023-01-26T19:39:41","slug":"engenharia-genetica-de-alta-precisao","status":"publish","type":"page","link":"https:\/\/fortgen.com\/en\/engenharia-genetica-de-alta-precisao\/","title":{"rendered":"High Precision Genetic Engineering"},"content":{"rendered":"<div data-elementor-type=\"wp-page\" data-elementor-id=\"1532\" class=\"elementor elementor-1532\" data-elementor-post-type=\"page\">\n\t\t\t\t\t\t<section class=\"has_ae_slider elementor-section elementor-top-section elementor-element elementor-element-48fbe64 elementor-section-full_width elementor-section-height-default elementor-section-height-default ae-bg-gallery-type-default\" data-id=\"48fbe64\" data-element_type=\"section\">\n\t\t\t\t\t\t<div class=\"elementor-container elementor-column-gap-default\">\n\t\t\t\t\t<div class=\"has_ae_slider elementor-column elementor-col-100 elementor-top-column elementor-element elementor-element-c21e2ab ae-bg-gallery-type-default\" data-id=\"c21e2ab\" data-element_type=\"column\">\n\t\t\t<div class=\"elementor-widget-wrap elementor-element-populated\">\n\t\t\t\t\t\t<div class=\"elementor-element elementor-element-0253df1 elementor-widget elementor-widget-heading\" data-id=\"0253df1\" data-element_type=\"widget\" data-widget_type=\"heading.default\">\n\t\t\t\t<div class=\"elementor-widget-container\">\n\t\t\t\t\t<h1 class=\"elementor-heading-title elementor-size-default\">High Precision Genetic Engineering<\/h1>\t\t\t\t<\/div>\n\t\t\t\t<\/div>\n\t\t\t\t<section class=\"has_ae_slider elementor-section elementor-inner-section elementor-element elementor-element-eed3425 elementor-section-boxed elementor-section-height-default elementor-section-height-default ae-bg-gallery-type-default\" data-id=\"eed3425\" data-element_type=\"section\">\n\t\t\t\t\t\t<div class=\"elementor-container elementor-column-gap-default\">\n\t\t\t\t\t<div class=\"has_ae_slider elementor-column elementor-col-100 elementor-inner-column elementor-element elementor-element-18314fe ae-bg-gallery-type-default\" data-id=\"18314fe\" data-element_type=\"column\">\n\t\t\t<div class=\"elementor-widget-wrap elementor-element-populated\">\n\t\t\t\t\t\t<div class=\"elementor-element elementor-element-85845ce elementor-widget elementor-widget-text-editor\" data-id=\"85845ce\" data-element_type=\"widget\" data-widget_type=\"text-editor.default\">\n\t\t\t\t<div class=\"elementor-widget-container\">\n\t\t\t\t\t\t\t\t\t<p><span style=\"font-weight: 400;\">In the discovery of highly efficient molecular tools for genomic editing lies one of the greatest victories of science. It is the use of systems that allow the removal, modification or addition of genes in specific locations of the genome to be carried out with high precision, generating transformative possibilities in the field of human and animal health, animal production and agriculture.<\/span><\/p>\t\t\t\t\t\t\t\t<\/div>\n\t\t\t\t<\/div>\n\t\t\t\t<div class=\"elementor-element elementor-element-91aca19 elementor-invisible elementor-widget elementor-widget-image\" data-id=\"91aca19\" data-element_type=\"widget\" data-settings=\"{&quot;_animation&quot;:&quot;zoomIn&quot;}\" data-widget_type=\"image.default\">\n\t\t\t\t<div class=\"elementor-widget-container\">\n\t\t\t\t\t\t\t\t\t\t\t\t\t\t\t<img fetchpriority=\"high\" decoding=\"async\" width=\"800\" height=\"445\" src=\"https:\/\/fortgen.com\/wp-content\/uploads\/2022\/11\/freepik_wang_18_02_2022_22-1024x569.jpg\" class=\"attachment-large size-large wp-image-1614\" alt=\"\" srcset=\"https:\/\/fortgen.com\/wp-content\/uploads\/2022\/11\/freepik_wang_18_02_2022_22-1024x569.jpg 1024w, https:\/\/fortgen.com\/wp-content\/uploads\/2022\/11\/freepik_wang_18_02_2022_22-300x167.jpg 300w, https:\/\/fortgen.com\/wp-content\/uploads\/2022\/11\/freepik_wang_18_02_2022_22-768x427.jpg 768w, https:\/\/fortgen.com\/wp-content\/uploads\/2022\/11\/freepik_wang_18_02_2022_22-1536x853.jpg 1536w, https:\/\/fortgen.com\/wp-content\/uploads\/2022\/11\/freepik_wang_18_02_2022_22.jpg 2000w\" sizes=\"(max-width: 800px) 100vw, 800px\" \/>\t\t\t\t\t\t\t\t\t\t\t\t\t\t\t<\/div>\n\t\t\t\t<\/div>\n\t\t\t\t<div class=\"elementor-element elementor-element-8501788 elementor-widget elementor-widget-text-editor\" data-id=\"8501788\" data-element_type=\"widget\" data-widget_type=\"text-editor.default\">\n\t\t\t\t<div class=\"elementor-widget-container\">\n\t\t\t\t\t\t\t\t\t<p><span style=\"font-weight: 400;\">From the perspective of human and animal health and the food industry, the production of recombinant proteins for use as biopharmaceuticals in the treatment of numerous diseases or as additives to increase the biological value of food formulas or feed is a huge advance achieved during the last decades. Fortgen Technologies is a national leader in the execution of projects aimed at the production of recombinant proteins on an Animal Platform. Some of the applications of recombinant proteins are:<\/span><\/p>\t\t\t\t\t\t\t\t<\/div>\n\t\t\t\t<\/div>\n\t\t\t\t\t<\/div>\n\t\t<\/div>\n\t\t\t\t\t<\/div>\n\t\t<\/section>\n\t\t\t\t\t<\/div>\n\t\t<\/div>\n\t\t\t\t\t<\/div>\n\t\t<\/section>\n\t\t\t\t<section class=\"has_ae_slider elementor-section elementor-top-section elementor-element elementor-element-203cb61 elementor-section-boxed elementor-section-height-default elementor-section-height-default ae-bg-gallery-type-default\" data-id=\"203cb61\" data-element_type=\"section\">\n\t\t\t\t\t\t<div class=\"elementor-container elementor-column-gap-default\">\n\t\t\t\t\t<div class=\"has_ae_slider elementor-column elementor-col-50 elementor-top-column elementor-element elementor-element-c5226cc ae-bg-gallery-type-default\" data-id=\"c5226cc\" data-element_type=\"column\">\n\t\t\t<div class=\"elementor-widget-wrap elementor-element-populated\">\n\t\t\t\t\t\t<div class=\"elementor-element elementor-element-d5d82af elementor-invisible elementor-widget elementor-widget-image\" data-id=\"d5d82af\" data-element_type=\"widget\" data-settings=\"{&quot;_animation&quot;:&quot;fadeInLeft&quot;,&quot;_animation_delay&quot;:200}\" data-widget_type=\"image.default\">\n\t\t\t\t<div class=\"elementor-widget-container\">\n\t\t\t\t\t\t\t\t\t\t\t\t\t\t\t<img decoding=\"async\" width=\"800\" height=\"450\" src=\"https:\/\/fortgen.com\/wp-content\/uploads\/2022\/11\/back-view-young-man-with-dog-at-seaside.jpg\" class=\"attachment-large size-large wp-image-1615\" alt=\"\" srcset=\"https:\/\/fortgen.com\/wp-content\/uploads\/2022\/11\/back-view-young-man-with-dog-at-seaside.jpg 1000w, https:\/\/fortgen.com\/wp-content\/uploads\/2022\/11\/back-view-young-man-with-dog-at-seaside-300x169.jpg 300w, https:\/\/fortgen.com\/wp-content\/uploads\/2022\/11\/back-view-young-man-with-dog-at-seaside-768x432.jpg 768w\" sizes=\"(max-width: 800px) 100vw, 800px\" \/>\t\t\t\t\t\t\t\t\t\t\t\t\t\t\t<\/div>\n\t\t\t\t<\/div>\n\t\t\t\t\t<\/div>\n\t\t<\/div>\n\t\t\t\t<div class=\"has_ae_slider elementor-column elementor-col-50 elementor-top-column elementor-element elementor-element-48656a4 ae-bg-gallery-type-default\" data-id=\"48656a4\" data-element_type=\"column\">\n\t\t\t<div class=\"elementor-widget-wrap elementor-element-populated\">\n\t\t\t\t\t\t<div class=\"elementor-element elementor-element-8e17bd6 elementor-icon-list--layout-traditional elementor-list-item-link-full_width elementor-invisible elementor-widget elementor-widget-icon-list\" data-id=\"8e17bd6\" data-element_type=\"widget\" data-settings=\"{&quot;_animation&quot;:&quot;fadeInRight&quot;,&quot;_animation_delay&quot;:400}\" data-widget_type=\"icon-list.default\">\n\t\t\t\t<div class=\"elementor-widget-container\">\n\t\t\t\t\t\t\t<ul class=\"elementor-icon-list-items\">\n\t\t\t\t\t\t\t<li class=\"elementor-icon-list-item\">\n\t\t\t\t\t\t\t\t\t\t\t<span class=\"elementor-icon-list-icon\">\n\t\t\t\t\t\t\t<i aria-hidden=\"true\" class=\"fas fa-check\"><\/i>\t\t\t\t\t\t<\/span>\n\t\t\t\t\t\t\t\t\t\t<span class=\"elementor-icon-list-text\">Production of monoclonal antibodies for the treatment of various types of cancer and autoimmune diseases<\/span>\n\t\t\t\t\t\t\t\t\t<\/li>\n\t\t\t\t\t\t\t\t<li class=\"elementor-icon-list-item\">\n\t\t\t\t\t\t\t\t\t\t\t<span class=\"elementor-icon-list-icon\">\n\t\t\t\t\t\t\t<i aria-hidden=\"true\" class=\"fas fa-check\"><\/i>\t\t\t\t\t\t<\/span>\n\t\t\t\t\t\t\t\t\t\t<span class=\"elementor-icon-list-text\">Production of recombinant blood products<\/span>\n\t\t\t\t\t\t\t\t\t<\/li>\n\t\t\t\t\t\t\t\t<li class=\"elementor-icon-list-item\">\n\t\t\t\t\t\t\t\t\t\t\t<span class=\"elementor-icon-list-icon\">\n\t\t\t\t\t\t\t<i aria-hidden=\"true\" class=\"fas fa-check\"><\/i>\t\t\t\t\t\t<\/span>\n\t\t\t\t\t\t\t\t\t\t<span class=\"elementor-icon-list-text\">Production of recombinant therapeutic enzymes<\/span>\n\t\t\t\t\t\t\t\t\t<\/li>\n\t\t\t\t\t\t\t\t<li class=\"elementor-icon-list-item\">\n\t\t\t\t\t\t\t\t\t\t\t<span class=\"elementor-icon-list-icon\">\n\t\t\t\t\t\t\t<i aria-hidden=\"true\" class=\"fas fa-check\"><\/i>\t\t\t\t\t\t<\/span>\n\t\t\t\t\t\t\t\t\t\t<span class=\"elementor-icon-list-text\">Production of recombinant proteins for addition in human food formulas or animal feed<\/span>\n\t\t\t\t\t\t\t\t\t<\/li>\n\t\t\t\t\t\t<\/ul>\n\t\t\t\t\t\t<\/div>\n\t\t\t\t<\/div>\n\t\t\t\t\t<\/div>\n\t\t<\/div>\n\t\t\t\t\t<\/div>\n\t\t<\/section>\n\t\t\t\t<section class=\"has_ae_slider elementor-section elementor-top-section elementor-element elementor-element-fa5133f elementor-section-boxed elementor-section-height-default elementor-section-height-default ae-bg-gallery-type-default\" data-id=\"fa5133f\" data-element_type=\"section\">\n\t\t\t\t\t\t<div class=\"elementor-container elementor-column-gap-default\">\n\t\t\t\t\t<div class=\"has_ae_slider elementor-column elementor-col-100 elementor-top-column elementor-element elementor-element-5b89f95 ae-bg-gallery-type-default\" data-id=\"5b89f95\" data-element_type=\"column\">\n\t\t\t<div class=\"elementor-widget-wrap elementor-element-populated\">\n\t\t\t\t\t\t<div class=\"elementor-element elementor-element-97575a3 elementor-widget elementor-widget-text-editor\" data-id=\"97575a3\" data-element_type=\"widget\" data-widget_type=\"text-editor.default\">\n\t\t\t\t<div class=\"elementor-widget-container\">\n\t\t\t\t\t\t\t\t\t<p><span style=\"font-weight: 400;\">In the field of animal production, it is possible to generate results associated with increased productivity, disease resistance, animal welfare and environmental sustainability, such as:<\/span><\/p>\t\t\t\t\t\t\t\t<\/div>\n\t\t\t\t<\/div>\n\t\t\t\t\t<\/div>\n\t\t<\/div>\n\t\t\t\t\t<\/div>\n\t\t<\/section>\n\t\t\t\t<section class=\"has_ae_slider elementor-section elementor-top-section elementor-element elementor-element-1225706 elementor-reverse-tablet elementor-section-boxed elementor-section-height-default elementor-section-height-default ae-bg-gallery-type-default\" data-id=\"1225706\" data-element_type=\"section\">\n\t\t\t\t\t\t<div class=\"elementor-container elementor-column-gap-default\">\n\t\t\t\t\t<div class=\"has_ae_slider elementor-column elementor-col-50 elementor-top-column elementor-element elementor-element-10ad440 ae-bg-gallery-type-default\" data-id=\"10ad440\" data-element_type=\"column\">\n\t\t\t<div class=\"elementor-widget-wrap elementor-element-populated\">\n\t\t\t\t\t\t<div class=\"elementor-element elementor-element-2af02ee elementor-icon-list--layout-traditional elementor-list-item-link-full_width elementor-invisible elementor-widget elementor-widget-icon-list\" data-id=\"2af02ee\" data-element_type=\"widget\" data-settings=\"{&quot;_animation&quot;:&quot;fadeInLeft&quot;,&quot;_animation_delay&quot;:200}\" data-widget_type=\"icon-list.default\">\n\t\t\t\t<div class=\"elementor-widget-container\">\n\t\t\t\t\t\t\t<ul class=\"elementor-icon-list-items\">\n\t\t\t\t\t\t\t<li class=\"elementor-icon-list-item\">\n\t\t\t\t\t\t\t\t\t\t\t<span class=\"elementor-icon-list-icon\">\n\t\t\t\t\t\t\t<i aria-hidden=\"true\" class=\"fas fa-check\"><\/i>\t\t\t\t\t\t<\/span>\n\t\t\t\t\t\t\t\t\t\t<span class=\"elementor-icon-list-text\">Higher weight gain and carcass yield<\/span>\n\t\t\t\t\t\t\t\t\t<\/li>\n\t\t\t\t\t\t\t\t<li class=\"elementor-icon-list-item\">\n\t\t\t\t\t\t\t\t\t\t\t<span class=\"elementor-icon-list-icon\">\n\t\t\t\t\t\t\t<i aria-hidden=\"true\" class=\"fas fa-check\"><\/i>\t\t\t\t\t\t<\/span>\n\t\t\t\t\t\t\t\t\t\t<span class=\"elementor-icon-list-text\">Greater feed efficiency<\/span>\n\t\t\t\t\t\t\t\t\t<\/li>\n\t\t\t\t\t\t\t\t<li class=\"elementor-icon-list-item\">\n\t\t\t\t\t\t\t\t\t\t\t<span class=\"elementor-icon-list-icon\">\n\t\t\t\t\t\t\t<i aria-hidden=\"true\" class=\"fas fa-check\"><\/i>\t\t\t\t\t\t<\/span>\n\t\t\t\t\t\t\t\t\t\t<span class=\"elementor-icon-list-text\">Production of nutritionally healthier meat<\/span>\n\t\t\t\t\t\t\t\t\t<\/li>\n\t\t\t\t\t\t\t\t<li class=\"elementor-icon-list-item\">\n\t\t\t\t\t\t\t\t\t\t\t<span class=\"elementor-icon-list-icon\">\n\t\t\t\t\t\t\t<i aria-hidden=\"true\" class=\"fas fa-check\"><\/i>\t\t\t\t\t\t<\/span>\n\t\t\t\t\t\t\t\t\t\t<span class=\"elementor-icon-list-text\">Greater animal tolerance to heat and greater climate adaptation<\/span>\n\t\t\t\t\t\t\t\t\t<\/li>\n\t\t\t\t\t\t\t\t<li class=\"elementor-icon-list-item\">\n\t\t\t\t\t\t\t\t\t\t\t<span class=\"elementor-icon-list-icon\">\n\t\t\t\t\t\t\t<i aria-hidden=\"true\" class=\"fas fa-check\"><\/i>\t\t\t\t\t\t<\/span>\n\t\t\t\t\t\t\t\t\t\t<span class=\"elementor-icon-list-text\">Production of hornless (naturally horned) animals, eliminating dehorning<\/span>\n\t\t\t\t\t\t\t\t\t<\/li>\n\t\t\t\t\t\t\t\t<li class=\"elementor-icon-list-item\">\n\t\t\t\t\t\t\t\t\t\t\t<span class=\"elementor-icon-list-icon\">\n\t\t\t\t\t\t\t<i aria-hidden=\"true\" class=\"fas fa-check\"><\/i>\t\t\t\t\t\t<\/span>\n\t\t\t\t\t\t\t\t\t\t<span class=\"elementor-icon-list-text\">Resistance to various diseases<\/span>\n\t\t\t\t\t\t\t\t\t<\/li>\n\t\t\t\t\t\t\t\t<li class=\"elementor-icon-list-item\">\n\t\t\t\t\t\t\t\t\t\t\t<span class=\"elementor-icon-list-icon\">\n\t\t\t\t\t\t\t<i aria-hidden=\"true\" class=\"fas fa-check\"><\/i>\t\t\t\t\t\t<\/span>\n\t\t\t\t\t\t\t\t\t\t<span class=\"elementor-icon-list-text\">Production of clones of animals of high genetic merit (e.g., semen-donor sires or oocyte-donor females) with the addition of desirable traits, such as absence of horns or heat tolerance, which are passed on to offspring<\/span>\n\t\t\t\t\t\t\t\t\t<\/li>\n\t\t\t\t\t\t\t\t<li class=\"elementor-icon-list-item\">\n\t\t\t\t\t\t\t\t\t\t\t<span class=\"elementor-icon-list-icon\">\n\t\t\t\t\t\t\t<i aria-hidden=\"true\" class=\"fas fa-check\"><\/i>\t\t\t\t\t\t<\/span>\n\t\t\t\t\t\t\t\t\t\t<span class=\"elementor-icon-list-text\">Possibility of producing more, using fewer animals and less space, with consequent reduction in environmental impact, less water use and lower greenhouse gas emissions<\/span>\n\t\t\t\t\t\t\t\t\t<\/li>\n\t\t\t\t\t\t<\/ul>\n\t\t\t\t\t\t<\/div>\n\t\t\t\t<\/div>\n\t\t\t\t\t<\/div>\n\t\t<\/div>\n\t\t\t\t<div class=\"has_ae_slider elementor-column elementor-col-50 elementor-top-column elementor-element elementor-element-3a312b1 ae-bg-gallery-type-default\" data-id=\"3a312b1\" data-element_type=\"column\">\n\t\t\t<div class=\"elementor-widget-wrap elementor-element-populated\">\n\t\t\t\t\t\t<div class=\"elementor-element elementor-element-f1a89f4 elementor-invisible elementor-widget elementor-widget-image\" data-id=\"f1a89f4\" data-element_type=\"widget\" data-settings=\"{&quot;_animation&quot;:&quot;fadeInRight&quot;,&quot;_animation_delay&quot;:400}\" data-widget_type=\"image.default\">\n\t\t\t\t<div class=\"elementor-widget-container\">\n\t\t\t\t\t\t\t\t\t\t\t\t\t\t\t<img decoding=\"async\" width=\"800\" height=\"532\" src=\"https:\/\/fortgen.com\/wp-content\/uploads\/2023\/01\/cowss-in-a-barn-1024x681.webp\" class=\"attachment-large size-large wp-image-2046\" alt=\"\" srcset=\"https:\/\/fortgen.com\/wp-content\/uploads\/2023\/01\/cowss-in-a-barn-1024x681.webp 1024w, https:\/\/fortgen.com\/wp-content\/uploads\/2023\/01\/cowss-in-a-barn-300x200.webp 300w, https:\/\/fortgen.com\/wp-content\/uploads\/2023\/01\/cowss-in-a-barn-768x511.webp 768w, https:\/\/fortgen.com\/wp-content\/uploads\/2023\/01\/cowss-in-a-barn-1536x1022.webp 1536w, https:\/\/fortgen.com\/wp-content\/uploads\/2023\/01\/cowss-in-a-barn-18x12.webp 18w, https:\/\/fortgen.com\/wp-content\/uploads\/2023\/01\/cowss-in-a-barn.webp 2000w\" sizes=\"(max-width: 800px) 100vw, 800px\" \/>\t\t\t\t\t\t\t\t\t\t\t\t\t\t\t<\/div>\n\t\t\t\t<\/div>\n\t\t\t\t\t<\/div>\n\t\t<\/div>\n\t\t\t\t\t<\/div>\n\t\t<\/section>\n\t\t\t\t<section class=\"has_ae_slider elementor-section elementor-top-section elementor-element elementor-element-ddf507d elementor-section-boxed elementor-section-height-default elementor-section-height-default ae-bg-gallery-type-default\" data-id=\"ddf507d\" data-element_type=\"section\">\n\t\t\t\t\t\t<div class=\"elementor-container elementor-column-gap-default\">\n\t\t\t\t\t<div class=\"has_ae_slider elementor-column elementor-col-100 elementor-top-column elementor-element elementor-element-ea7c7ac ae-bg-gallery-type-default\" data-id=\"ea7c7ac\" data-element_type=\"column\">\n\t\t\t<div class=\"elementor-widget-wrap elementor-element-populated\">\n\t\t\t\t\t\t<div class=\"elementor-element elementor-element-6e77ca0 elementor-widget elementor-widget-heading\" data-id=\"6e77ca0\" data-element_type=\"widget\" data-widget_type=\"heading.default\">\n\t\t\t\t<div class=\"elementor-widget-container\">\n\t\t\t\t\t<h2 class=\"elementor-heading-title elementor-size-default\">Technologies<\/h2>\t\t\t\t<\/div>\n\t\t\t\t<\/div>\n\t\t\t\t<section class=\"has_ae_slider elementor-section elementor-inner-section elementor-element elementor-element-2590176 elementor-section-boxed elementor-section-height-default elementor-section-height-default ae-bg-gallery-type-default\" data-id=\"2590176\" data-element_type=\"section\">\n\t\t\t\t\t\t<div class=\"elementor-container elementor-column-gap-default\">\n\t\t\t\t\t<div class=\"has_ae_slider elementor-column elementor-col-100 elementor-inner-column elementor-element elementor-element-c52efc1 ae-bg-gallery-type-default\" data-id=\"c52efc1\" data-element_type=\"column\">\n\t\t\t<div class=\"elementor-widget-wrap elementor-element-populated\">\n\t\t\t\t\t\t<div class=\"elementor-element elementor-element-a5654f0 elementor-invisible elementor-widget elementor-widget-text-editor\" data-id=\"a5654f0\" data-element_type=\"widget\" data-settings=\"{&quot;_animation&quot;:&quot;fadeInUp&quot;}\" data-widget_type=\"text-editor.default\">\n\t\t\t\t<div class=\"elementor-widget-container\">\n\t\t\t\t\t\t\t\t\t<span style=\"font-weight: 400;\">We use technologies such as the CRISPR-Cas9 system, Cre-Lox recombination, bioinformatics and animal cloning by nuclear transfer of genetically modified somatic cells in combination with in-depth knowledge in fields such as molecular biology, cell biology, embryology and animal husbandry. This domain allows us to efficiently, safely and repeatably carry out genome editions and site-directed insertions of genes of interest to obtain the most varied desirable characteristics and to produce recombinant proteins for the most varied purposes.<\/span>\t\t\t\t\t\t\t\t<\/div>\n\t\t\t\t<\/div>\n\t\t\t\t<div class=\"elementor-element elementor-element-3a18541 elementor-invisible elementor-widget elementor-widget-image\" data-id=\"3a18541\" data-element_type=\"widget\" data-settings=\"{&quot;_animation&quot;:&quot;zoomIn&quot;}\" data-widget_type=\"image.default\">\n\t\t\t\t<div class=\"elementor-widget-container\">\n\t\t\t\t\t\t\t\t\t\t\t\t\t\t\t<img loading=\"lazy\" decoding=\"async\" width=\"800\" height=\"533\" src=\"https:\/\/fortgen.com\/wp-content\/uploads\/2022\/11\/close-up-of-woman-working-in-the-laboratory-1024x682.jpg\" class=\"attachment-large size-large wp-image-1616\" alt=\"\" srcset=\"https:\/\/fortgen.com\/wp-content\/uploads\/2022\/11\/close-up-of-woman-working-in-the-laboratory-1024x682.jpg 1024w, https:\/\/fortgen.com\/wp-content\/uploads\/2022\/11\/close-up-of-woman-working-in-the-laboratory-300x200.jpg 300w, https:\/\/fortgen.com\/wp-content\/uploads\/2022\/11\/close-up-of-woman-working-in-the-laboratory-768x512.jpg 768w, https:\/\/fortgen.com\/wp-content\/uploads\/2022\/11\/close-up-of-woman-working-in-the-laboratory-1536x1024.jpg 1536w, https:\/\/fortgen.com\/wp-content\/uploads\/2022\/11\/close-up-of-woman-working-in-the-laboratory.jpg 2000w\" sizes=\"(max-width: 800px) 100vw, 800px\" \/>\t\t\t\t\t\t\t\t\t\t\t\t\t\t\t<\/div>\n\t\t\t\t<\/div>\n\t\t\t\t<div class=\"elementor-element elementor-element-7f59a19 elementor-invisible elementor-widget elementor-widget-text-editor\" data-id=\"7f59a19\" data-element_type=\"widget\" data-settings=\"{&quot;_animation&quot;:&quot;fadeInUp&quot;,&quot;_animation_delay&quot;:200}\" data-widget_type=\"text-editor.default\">\n\t\t\t\t<div class=\"elementor-widget-container\">\n\t\t\t\t\t\t\t\t\t<p class=\"translation-block\"><span style=\"font-weight: 400\">For the large-scale production of recombinant proteins we use the Animal Platform, focusing on the use of the expression system in the mammary gland of goats or cows. The production of recombinant proteins in milk is one of the most efficient, scalable, cheap and safe strategies currently available. Milk functions only as a kind of vehicle from which the recombinant protein of interest can be fully purified. With regard to the biopharmaceutical industry, the fact stands out that the production of biopharmaceuticals for human health from the Animal Platform was approved by regulatory agencies FDA (<\/span><i><span style=\"font-weight: 400\">Food and Drug Administration<\/span><\/i><span style=\"font-weight: 400\">) in 2006 and EMA (<\/span><i><span style=\"font-weight:: 400\">European Medicines Agency<\/span><\/i><span style=\"font-weight: 400\">) in 2009.<\/span><\/p>\t\t\t\t\t\t\t\t<\/div>\n\t\t\t\t<\/div>\n\t\t\t\t<div class=\"elementor-element elementor-element-52d00ce elementor-invisible elementor-widget elementor-widget-image\" data-id=\"52d00ce\" data-element_type=\"widget\" data-settings=\"{&quot;_animation&quot;:&quot;zoomIn&quot;,&quot;_animation_delay&quot;:400}\" data-widget_type=\"image.default\">\n\t\t\t\t<div class=\"elementor-widget-container\">\n\t\t\t\t\t\t\t\t\t\t\t\t\t\t\t<img loading=\"lazy\" decoding=\"async\" width=\"800\" height=\"422\" src=\"https:\/\/fortgen.com\/wp-content\/uploads\/2022\/11\/close_up_man_farmer_giving_fresh_hay_to_goat_standing_barn_stall-1024x540.jpg\" class=\"attachment-large size-large wp-image-1618\" alt=\"\" srcset=\"https:\/\/fortgen.com\/wp-content\/uploads\/2022\/11\/close_up_man_farmer_giving_fresh_hay_to_goat_standing_barn_stall-1024x540.jpg 1024w, https:\/\/fortgen.com\/wp-content\/uploads\/2022\/11\/close_up_man_farmer_giving_fresh_hay_to_goat_standing_barn_stall-300x158.jpg 300w, https:\/\/fortgen.com\/wp-content\/uploads\/2022\/11\/close_up_man_farmer_giving_fresh_hay_to_goat_standing_barn_stall-768x405.jpg 768w, https:\/\/fortgen.com\/wp-content\/uploads\/2022\/11\/close_up_man_farmer_giving_fresh_hay_to_goat_standing_barn_stall-1536x810.jpg 1536w, https:\/\/fortgen.com\/wp-content\/uploads\/2022\/11\/close_up_man_farmer_giving_fresh_hay_to_goat_standing_barn_stall.jpg 2000w\" sizes=\"(max-width: 800px) 100vw, 800px\" \/>\t\t\t\t\t\t\t\t\t\t\t\t\t\t\t<\/div>\n\t\t\t\t<\/div>\n\t\t\t\t\t<\/div>\n\t\t<\/div>\n\t\t\t\t\t<\/div>\n\t\t<\/section>\n\t\t\t\t\t<\/div>\n\t\t<\/div>\n\t\t\t\t\t<\/div>\n\t\t<\/section>\n\t\t\t\t<\/div>","protected":false},"excerpt":{"rendered":"<p>Engenharia Gen\u00e9tica de Alta Precis\u00e3o Na descoberta de ferramentas moleculares de alta efici\u00eancia para edi\u00e7\u00e3o gen\u00f4mica reside uma das maiores vit\u00f3rias da ci\u00eancia. Trata-se do uso de sistemas que permitem efetivar com alta precis\u00e3o a remo\u00e7\u00e3o, modifica\u00e7\u00e3o ou adi\u00e7\u00e3o de genes em locais espec\u00edficos do genoma, gerando possibilidades transformadoras no \u00e2mbito da sa\u00fade humana e [&hellip;]<\/p>","protected":false},"author":1,"featured_media":0,"parent":0,"menu_order":0,"comment_status":"closed","ping_status":"closed","template":"","meta":{"_acf_changed":false,"footnotes":""},"class_list":["post-1532","page","type-page","status-publish","hentry"],"acf":[],"_links":{"self":[{"href":"https:\/\/fortgen.com\/en\/wp-json\/wp\/v2\/pages\/1532","targetHints":{"allow":["GET"]}}],"collection":[{"href":"https:\/\/fortgen.com\/en\/wp-json\/wp\/v2\/pages"}],"about":[{"href":"https:\/\/fortgen.com\/en\/wp-json\/wp\/v2\/types\/page"}],"author":[{"embeddable":true,"href":"https:\/\/fortgen.com\/en\/wp-json\/wp\/v2\/users\/1"}],"replies":[{"embeddable":true,"href":"https:\/\/fortgen.com\/en\/wp-json\/wp\/v2\/comments?post=1532"}],"version-history":[{"count":38,"href":"https:\/\/fortgen.com\/en\/wp-json\/wp\/v2\/pages\/1532\/revisions"}],"predecessor-version":[{"id":2049,"href":"https:\/\/fortgen.com\/en\/wp-json\/wp\/v2\/pages\/1532\/revisions\/2049"}],"wp:attachment":[{"href":"https:\/\/fortgen.com\/en\/wp-json\/wp\/v2\/media?parent=1532"}],"curies":[{"name":"wp","href":"https:\/\/api.w.org\/{rel}","templated":true}]}}