{"id":33,"date":"2022-05-27T15:45:45","date_gmt":"2022-05-27T18:45:45","guid":{"rendered":"http:\/\/fortgen.com\/?page_id=33"},"modified":"2026-04-22T09:35:52","modified_gmt":"2026-04-22T12:35:52","slug":"clonagem","status":"publish","type":"page","link":"https:\/\/fortgen.com\/en\/clonagem\/","title":{"rendered":"Cloning"},"content":{"rendered":"<div data-elementor-type=\"wp-page\" data-elementor-id=\"33\" class=\"elementor elementor-33\" data-elementor-post-type=\"page\">\n\t\t\t\t\t\t<section class=\"has_ae_slider elementor-section elementor-top-section elementor-element elementor-element-95824da elementor-section-full_width elementor-section-height-default elementor-section-height-default ae-bg-gallery-type-default\" data-id=\"95824da\" data-element_type=\"section\" data-settings=\"{&quot;background_background&quot;:&quot;classic&quot;}\">\n\t\t\t\t\t\t<div class=\"elementor-container elementor-column-gap-default\">\n\t\t\t\t\t<div class=\"has_ae_slider elementor-column elementor-col-100 elementor-top-column elementor-element elementor-element-4373f8b ae-bg-gallery-type-default\" data-id=\"4373f8b\" data-element_type=\"column\">\n\t\t\t<div class=\"elementor-widget-wrap elementor-element-populated\">\n\t\t\t\t\t\t<div class=\"elementor-element elementor-element-5a01ec4 elementor-widget elementor-widget-heading\" data-id=\"5a01ec4\" data-element_type=\"widget\" data-widget_type=\"heading.default\">\n\t\t\t\t<div class=\"elementor-widget-container\">\n\t\t\t\t\t<h1 class=\"elementor-heading-title elementor-size-default\">Animal Cloning<\/h1>\t\t\t\t<\/div>\n\t\t\t\t<\/div>\n\t\t\t\t<section class=\"has_ae_slider elementor-section elementor-inner-section elementor-element elementor-element-048da06 elementor-section-boxed elementor-section-height-default elementor-section-height-default ae-bg-gallery-type-default\" data-id=\"048da06\" data-element_type=\"section\">\n\t\t\t\t\t\t<div class=\"elementor-container elementor-column-gap-default\">\n\t\t\t\t\t<div class=\"has_ae_slider elementor-column elementor-col-100 elementor-inner-column elementor-element elementor-element-89f82dc ae-bg-gallery-type-default\" data-id=\"89f82dc\" data-element_type=\"column\">\n\t\t\t<div class=\"elementor-widget-wrap elementor-element-populated\">\n\t\t\t\t\t\t<div class=\"elementor-element elementor-element-48ee6f8 elementor-widget elementor-widget-text-editor\" data-id=\"48ee6f8\" data-element_type=\"widget\" data-widget_type=\"text-editor.default\">\n\t\t\t\t<div class=\"elementor-widget-container\">\n\t\t\t\t\t\t\t\t\t<p class=\"translation-block\"><span style=\"font-weight: 400\">The animal cloning technique became known for having <strong>resulted in the birth of Dolly the sheep<\/strong> and is currently being used to generate <strong>genetically identical copies of elite animals<\/strong>. The clones have the same chromosomes and genes as the animal that was cloned.<\/span><\/p><p class=\"translation-block\"><span style=\"font-weight: 400\">From the moment that identical copies of the best animals can be produced, <strong>multiple business possibilities are created<\/strong>. Clones can be commercialized directly and\/or boost the production and sale of semen doses, in the case of male clones, of oocytes and embryos, in the case of female clones.<\/span><\/p>\t\t\t\t\t\t\t\t<\/div>\n\t\t\t\t<\/div>\n\t\t\t\t\t<\/div>\n\t\t<\/div>\n\t\t\t\t\t<\/div>\n\t\t<\/section>\n\t\t\t\t\t<\/div>\n\t\t<\/div>\n\t\t\t\t\t<\/div>\n\t\t<\/section>\n\t\t\t\t<section class=\"has_ae_slider elementor-section elementor-top-section elementor-element elementor-element-3229854 elementor-section-full_width elementor-section-height-default elementor-section-height-default ae-bg-gallery-type-default\" data-id=\"3229854\" data-element_type=\"section\">\n\t\t\t\t\t\t<div class=\"elementor-container elementor-column-gap-default\">\n\t\t\t\t\t<div class=\"has_ae_slider elementor-column elementor-col-100 elementor-top-column elementor-element elementor-element-df92f48 ae-bg-gallery-type-default\" data-id=\"df92f48\" data-element_type=\"column\">\n\t\t\t<div class=\"elementor-widget-wrap elementor-element-populated\">\n\t\t\t\t\t\t<section class=\"has_ae_slider elementor-section elementor-inner-section elementor-element elementor-element-7536170 elementor-section-boxed elementor-section-height-default elementor-section-height-default ae-bg-gallery-type-default\" data-id=\"7536170\" data-element_type=\"section\">\n\t\t\t\t\t\t<div class=\"elementor-container elementor-column-gap-default\">\n\t\t\t\t\t<div class=\"has_ae_slider elementor-column elementor-col-50 elementor-inner-column elementor-element elementor-element-b66f3c0 ae-bg-gallery-type-default\" data-id=\"b66f3c0\" data-element_type=\"column\">\n\t\t\t<div class=\"elementor-widget-wrap elementor-element-populated\">\n\t\t\t\t\t\t<div class=\"elementor-element elementor-element-7c28ab7 elementor-invisible elementor-widget elementor-widget-image\" data-id=\"7c28ab7\" data-element_type=\"widget\" data-settings=\"{&quot;_animation&quot;:&quot;fadeInLeft&quot;}\" data-widget_type=\"image.default\">\n\t\t\t\t<div class=\"elementor-widget-container\">\n\t\t\t\t\t\t\t\t\t\t\t\t\t\t\t<img fetchpriority=\"high\" decoding=\"async\" width=\"459\" height=\"384\" src=\"https:\/\/fortgen.com\/wp-content\/uploads\/2023\/01\/clonagem-bee.webp\" class=\"attachment-large size-large wp-image-2041\" alt=\"\" srcset=\"https:\/\/fortgen.com\/wp-content\/uploads\/2023\/01\/clonagem-bee.webp 459w, https:\/\/fortgen.com\/wp-content\/uploads\/2023\/01\/clonagem-bee-300x251.webp 300w, https:\/\/fortgen.com\/wp-content\/uploads\/2023\/01\/clonagem-bee-14x12.webp 14w\" sizes=\"(max-width: 459px) 100vw, 459px\" \/>\t\t\t\t\t\t\t\t\t\t\t\t\t\t\t<\/div>\n\t\t\t\t<\/div>\n\t\t\t\t\t<\/div>\n\t\t<\/div>\n\t\t\t\t<div class=\"has_ae_slider elementor-column elementor-col-50 elementor-inner-column elementor-element elementor-element-8c12228 ae-bg-gallery-type-default\" data-id=\"8c12228\" data-element_type=\"column\">\n\t\t\t<div class=\"elementor-widget-wrap elementor-element-populated\">\n\t\t\t\t\t\t<div class=\"elementor-element elementor-element-219cf7a elementor-invisible elementor-widget elementor-widget-image\" data-id=\"219cf7a\" data-element_type=\"widget\" data-settings=\"{&quot;_animation&quot;:&quot;fadeInRight&quot;}\" data-widget_type=\"image.default\">\n\t\t\t\t<div class=\"elementor-widget-container\">\n\t\t\t\t\t\t\t\t\t\t\t\t\t\t\t<img decoding=\"async\" width=\"459\" height=\"384\" src=\"https:\/\/fortgen.com\/wp-content\/uploads\/2023\/01\/Telescop.webp\" class=\"attachment-large size-large wp-image-2042\" alt=\"\" srcset=\"https:\/\/fortgen.com\/wp-content\/uploads\/2023\/01\/Telescop.webp 459w, https:\/\/fortgen.com\/wp-content\/uploads\/2023\/01\/Telescop-300x251.webp 300w, https:\/\/fortgen.com\/wp-content\/uploads\/2023\/01\/Telescop-14x12.webp 14w\" sizes=\"(max-width: 459px) 100vw, 459px\" \/>\t\t\t\t\t\t\t\t\t\t\t\t\t\t\t<\/div>\n\t\t\t\t<\/div>\n\t\t\t\t\t<\/div>\n\t\t<\/div>\n\t\t\t\t\t<\/div>\n\t\t<\/section>\n\t\t\t\t<section class=\"has_ae_slider elementor-section elementor-inner-section elementor-element elementor-element-fd9c642 elementor-section-boxed elementor-section-height-default elementor-section-height-default ae-bg-gallery-type-default\" data-id=\"fd9c642\" data-element_type=\"section\">\n\t\t\t\t\t\t<div class=\"elementor-container elementor-column-gap-default\">\n\t\t\t\t\t<div class=\"has_ae_slider elementor-column elementor-col-50 elementor-inner-column elementor-element elementor-element-f901e9b ae-bg-gallery-type-default\" data-id=\"f901e9b\" data-element_type=\"column\">\n\t\t\t<div class=\"elementor-widget-wrap elementor-element-populated\">\n\t\t\t\t\t\t<div class=\"elementor-element elementor-element-dd5bc83 elementor--h-position-center elementor--v-position-middle elementor-pagination-position-inside elementor-invisible elementor-widget elementor-widget-slides\" data-id=\"dd5bc83\" data-element_type=\"widget\" data-settings=\"{&quot;navigation&quot;:&quot;dots&quot;,&quot;autoplay_speed&quot;:2500,&quot;_animation&quot;:&quot;fadeIn&quot;,&quot;_animation_delay&quot;:400,&quot;autoplay&quot;:&quot;yes&quot;,&quot;pause_on_hover&quot;:&quot;yes&quot;,&quot;pause_on_interaction&quot;:&quot;yes&quot;,&quot;infinite&quot;:&quot;yes&quot;,&quot;transition&quot;:&quot;slide&quot;,&quot;transition_speed&quot;:500}\" data-widget_type=\"slides.default\">\n\t\t\t\t<div class=\"elementor-widget-container\">\n\t\t\t\t\t\t\t\t\t<div class=\"elementor-swiper\">\n\t\t\t\t\t<div class=\"elementor-slides-wrapper elementor-main-swiper swiper\" role=\"region\" aria-roledescription=\"carousel\" aria-label=\"Slides\" dir=\"ltr\" data-animation=\"fadeInUp\">\n\t\t\t\t<div class=\"swiper-wrapper elementor-slides\">\n\t\t\t\t\t\t\t\t\t\t<div class=\"elementor-repeater-item-045c6d3 swiper-slide\" role=\"group\" aria-roledescription=\"slide\"><div class=\"swiper-slide-bg\" role=\"img\"><\/div><div class=\"swiper-slide-inner\" ><div class=\"swiper-slide-contents\"><\/div><\/div><\/div><div class=\"elementor-repeater-item-ba52df5 swiper-slide\" role=\"group\" aria-roledescription=\"slide\"><div class=\"swiper-slide-bg\" role=\"img\"><\/div><div class=\"swiper-slide-inner\" ><div class=\"swiper-slide-contents\"><\/div><\/div><\/div>\t\t\t\t<\/div>\n\t\t\t\t\t\t\t\t\t\t\t\t\t\t\t<div class=\"swiper-pagination\"><\/div>\n\t\t\t\t\t\t\t\t\t\t\t\t\t\t\t\t\t<\/div>\n\t\t\t\t<\/div>\n\t\t\t\t\t\t\t\t<\/div>\n\t\t\t\t<\/div>\n\t\t\t\t\t<\/div>\n\t\t<\/div>\n\t\t\t\t<div class=\"has_ae_slider elementor-column elementor-col-50 elementor-inner-column elementor-element elementor-element-03b6b3d ae-bg-gallery-type-default\" data-id=\"03b6b3d\" data-element_type=\"column\">\n\t\t\t<div class=\"elementor-widget-wrap elementor-element-populated\">\n\t\t\t\t\t\t<div class=\"elementor-element elementor-element-e61a7bd elementor-widget elementor-widget-text-editor\" data-id=\"e61a7bd\" data-element_type=\"widget\" data-widget_type=\"text-editor.default\">\n\t\t\t\t<div class=\"elementor-widget-container\">\n\t\t\t\t\t\t\t\t\t<p class=\"translation-block\"><span style=\"font-weight: 400\">The <strong>cloning<\/strong> allows the breeder to perpetuate the genetics of the best animals, both from young and healthy animals and from elderly animals or with some acquired reproductive pathology. Another possibility is to collect and store cells (see details in the service <\/span><span style=\"font-weight: 400\">Genetic Bank<\/span><span style=\"font-weight: 400\">) from better animals in life and have the option of cloning after death.<\/span><\/p><p class=\"translation-block\"><span style=\"font-weight: 400\"><strong>Fortgen <\/strong>provides the cloning service for bovine, ovine and caprine species and is a national pioneer in the cloning of ovine and caprine animals, having produced the first sheep clone registered with Arco (Brazilian Association of Sheep Breeders) in 2022, in addition to having produced dozens of goat clones over the last few years.<\/span><\/p>\t\t\t\t\t\t\t\t<\/div>\n\t\t\t\t<\/div>\n\t\t\t\t\t<\/div>\n\t\t<\/div>\n\t\t\t\t\t<\/div>\n\t\t<\/section>\n\t\t\t\t\t<\/div>\n\t\t<\/div>\n\t\t\t\t\t<\/div>\n\t\t<\/section>\n\t\t\t\t<section class=\"has_ae_slider elementor-section elementor-top-section elementor-element elementor-element-cecfbf0 elementor-section-boxed elementor-section-height-default elementor-section-height-default ae-bg-gallery-type-default\" data-id=\"cecfbf0\" data-element_type=\"section\">\n\t\t\t\t\t\t<div class=\"elementor-container elementor-column-gap-default\">\n\t\t\t\t\t<div class=\"has_ae_slider elementor-column elementor-col-100 elementor-top-column elementor-element elementor-element-5a0a89b ae-bg-gallery-type-default\" data-id=\"5a0a89b\" data-element_type=\"column\">\n\t\t\t<div class=\"elementor-widget-wrap\">\n\t\t\t\t\t\t\t<\/div>\n\t\t<\/div>\n\t\t\t\t\t<\/div>\n\t\t<\/section>\n\t\t\t\t<section class=\"has_ae_slider elementor-section elementor-top-section elementor-element elementor-element-2e238e9 elementor-section-full_width elementor-section-height-default elementor-section-height-default ae-bg-gallery-type-default\" data-id=\"2e238e9\" data-element_type=\"section\">\n\t\t\t\t\t\t<div class=\"elementor-container elementor-column-gap-default\">\n\t\t\t\t\t<div class=\"has_ae_slider elementor-column elementor-col-100 elementor-top-column elementor-element elementor-element-0b383fe ae-bg-gallery-type-default\" data-id=\"0b383fe\" data-element_type=\"column\">\n\t\t\t<div class=\"elementor-widget-wrap elementor-element-populated\">\n\t\t\t\t\t\t<div class=\"elementor-element elementor-element-3f9e48d elementor-arrows-position-inside elementor-invisible elementor-widget elementor-widget-image-carousel\" data-id=\"3f9e48d\" data-element_type=\"widget\" data-settings=\"{&quot;slides_to_show&quot;:&quot;2&quot;,&quot;navigation&quot;:&quot;arrows&quot;,&quot;autoplay_speed&quot;:2500,&quot;_animation&quot;:&quot;fadeIn&quot;,&quot;_animation_delay&quot;:600,&quot;autoplay&quot;:&quot;yes&quot;,&quot;pause_on_hover&quot;:&quot;yes&quot;,&quot;pause_on_interaction&quot;:&quot;yes&quot;,&quot;infinite&quot;:&quot;yes&quot;,&quot;speed&quot;:500}\" data-widget_type=\"image-carousel.default\">\n\t\t\t\t<div class=\"elementor-widget-container\">\n\t\t\t\t\t\t\t<div class=\"elementor-image-carousel-wrapper swiper\" role=\"region\" aria-roledescription=\"carousel\" aria-label=\"Carrossel de imagens\" dir=\"ltr\">\n\t\t\t<div class=\"elementor-image-carousel swiper-wrapper\" aria-live=\"off\">\n\t\t\t\t\t\t\t\t<div class=\"swiper-slide\" role=\"group\" aria-roledescription=\"slide\" aria-label=\"1 of 5\"><figure class=\"swiper-slide-inner\"><img decoding=\"async\" class=\"swiper-slide-image\" src=\"https:\/\/fortgen.com\/wp-content\/uploads\/2022\/11\/brazilian-nelore-elite-cattle-in-a-exposition-park-768x512.jpg\" alt=\"brazilian-nelore-elite-cattle-in-a-exposition-park\" \/><\/figure><\/div><div class=\"swiper-slide\" role=\"group\" aria-roledescription=\"slide\" aria-label=\"2 of 5\"><figure class=\"swiper-slide-inner\"><img decoding=\"async\" class=\"swiper-slide-image\" src=\"https:\/\/fortgen.com\/wp-content\/uploads\/2022\/11\/brazilian-zebu-elite-cattle-in-a-exhibition-park-1-768x512.jpg\" alt=\"brazilian-zebu-elite-cattle-in-a-exhibition-park (1)\" \/><\/figure><\/div><div class=\"swiper-slide\" role=\"group\" aria-roledescription=\"slide\" aria-label=\"3 of 5\"><figure class=\"swiper-slide-inner\"><img decoding=\"async\" class=\"swiper-slide-image\" src=\"https:\/\/fortgen.com\/wp-content\/uploads\/2022\/11\/equipment_on_laboratory_of_fertilization_ivf_microscope_of_reproductive-2-768x512.jpg\" alt=\"equipment_on_laboratory_of_fertilization_ivf_microscope_of_reproductive (2)\" \/><\/figure><\/div><div class=\"swiper-slide\" role=\"group\" aria-roledescription=\"slide\" aria-label=\"4 of 5\"><figure class=\"swiper-slide-inner\"><img decoding=\"async\" class=\"swiper-slide-image\" src=\"https:\/\/fortgen.com\/wp-content\/uploads\/2022\/11\/photo-of-ewe-sheep-breastfeeding-lamb-768x512.jpg\" alt=\"photo-of-ewe-sheep-breastfeeding-lamb\" \/><\/figure><\/div><div class=\"swiper-slide\" role=\"group\" aria-roledescription=\"slide\" aria-label=\"5 of 5\"><figure class=\"swiper-slide-inner\"><img decoding=\"async\" class=\"swiper-slide-image\" src=\"https:\/\/fortgen.com\/wp-content\/uploads\/2022\/11\/white-baby-goat-standing-on-green-lawn-768x513.jpg\" alt=\"white-baby-goat-standing-on-green-lawn\" \/><\/figure><\/div>\t\t\t<\/div>\n\t\t\t\t\t\t\t\t\t\t\t\t<div class=\"elementor-swiper-button elementor-swiper-button-prev\" role=\"button\" tabindex=\"0\">\n\t\t\t\t\t\t<i aria-hidden=\"true\" class=\"fas fa-angle-double-left\"><\/i>\t\t\t\t\t<\/div>\n\t\t\t\t\t<div class=\"elementor-swiper-button elementor-swiper-button-next\" role=\"button\" tabindex=\"0\">\n\t\t\t\t\t\t<i aria-hidden=\"true\" class=\"fas fa-angle-double-right\"><\/i>\t\t\t\t\t<\/div>\n\t\t\t\t\n\t\t\t\t\t\t\t\t\t<\/div>\n\t\t\t\t\t\t<\/div>\n\t\t\t\t<\/div>\n\t\t\t\t<section class=\"has_ae_slider elementor-section elementor-inner-section elementor-element elementor-element-d0791cc elementor-section-boxed elementor-section-height-default elementor-section-height-default ae-bg-gallery-type-default\" data-id=\"d0791cc\" data-element_type=\"section\">\n\t\t\t\t\t\t<div class=\"elementor-container elementor-column-gap-default\">\n\t\t\t\t\t<div class=\"has_ae_slider elementor-column elementor-col-50 elementor-inner-column elementor-element elementor-element-18ddc04 ae-bg-gallery-type-default\" data-id=\"18ddc04\" data-element_type=\"column\">\n\t\t\t<div class=\"elementor-widget-wrap elementor-element-populated\">\n\t\t\t\t\t\t<div class=\"elementor-element elementor-element-ae41096 elementor-widget elementor-widget-text-editor\" data-id=\"ae41096\" data-element_type=\"widget\" data-widget_type=\"text-editor.default\">\n\t\t\t\t<div class=\"elementor-widget-container\">\n\t\t\t\t\t\t\t\t\t<p class=\"translation-block\"><span style=\"font-weight: 400\">The cloning process uses two main elements: <strong>oocytes<\/strong> and <strong>cells collected from the animal of interest<\/strong> (animal that will be cloned). The oocytes have their DNA removed right at the beginning of the cloning process and participate only with their cytoplasm which, in turn, contains the necessary elements for embryonic development. The DNA of interest is that contained in the cells that were previously collected from the animal to be cloned. The cells are then injected into the oocyte (one cell per oocyte). Sperm do not participate in the cloning process. The clone DNA is a copy of the cloned animal's DNA.<\/span><\/p>\t\t\t\t\t\t\t\t<\/div>\n\t\t\t\t<\/div>\n\t\t\t\t\t<\/div>\n\t\t<\/div>\n\t\t\t\t<div class=\"has_ae_slider elementor-column elementor-col-50 elementor-inner-column elementor-element elementor-element-0c1b715 ae-bg-gallery-type-default\" data-id=\"0c1b715\" data-element_type=\"column\">\n\t\t\t<div class=\"elementor-widget-wrap elementor-element-populated\">\n\t\t\t\t\t\t<div class=\"elementor-element elementor-element-56370a2 elementor-invisible elementor-widget elementor-widget-image\" data-id=\"56370a2\" data-element_type=\"widget\" data-settings=\"{&quot;_animation&quot;:&quot;fadeInRight&quot;,&quot;_animation_delay&quot;:200}\" data-widget_type=\"image.default\">\n\t\t\t\t<div class=\"elementor-widget-container\">\n\t\t\t\t\t\t\t\t\t\t\t\t\t\t\t<img decoding=\"async\" width=\"800\" height=\"572\" src=\"https:\/\/fortgen.com\/wp-content\/uploads\/2022\/10\/clonagem.png\" class=\"attachment-large size-large wp-image-1541\" alt=\"\" srcset=\"https:\/\/fortgen.com\/wp-content\/uploads\/2022\/10\/clonagem.png 896w, https:\/\/fortgen.com\/wp-content\/uploads\/2022\/10\/clonagem-300x215.png 300w, https:\/\/fortgen.com\/wp-content\/uploads\/2022\/10\/clonagem-768x549.png 768w\" sizes=\"(max-width: 800px) 100vw, 800px\" \/>\t\t\t\t\t\t\t\t\t\t\t\t\t\t\t<\/div>\n\t\t\t\t<\/div>\n\t\t\t\t\t<\/div>\n\t\t<\/div>\n\t\t\t\t\t<\/div>\n\t\t<\/section>\n\t\t\t\t\t<\/div>\n\t\t<\/div>\n\t\t\t\t\t<\/div>\n\t\t<\/section>\n\t\t\t\t<\/div>","protected":false},"excerpt":{"rendered":"<p>Clonagem Animal A t\u00e9cnica de clonagem animal ficou conhecida por ter resultado no nascimento da ovelha Dolly e atualmente tem sido utilizada para a gera\u00e7\u00e3o de c\u00f3pias geneticamente id\u00eanticas de animais de elite. Os clones possuem os mesmos cromossomos e genes do animal que foi clonado. A partir do momento em que se pode produzir [&hellip;]<\/p>","protected":false},"author":1,"featured_media":0,"parent":0,"menu_order":0,"comment_status":"closed","ping_status":"closed","template":"","meta":{"_acf_changed":false,"footnotes":""},"class_list":["post-33","page","type-page","status-publish","hentry"],"acf":[],"yoast_head":"<!-- This site is optimized with the Yoast SEO plugin v26.6 - https:\/\/yoast.com\/wordpress\/plugins\/seo\/ -->\n<title>Clonagem - Solu\u00e7\u00f5es em Biotecnologia Animal<\/title>\n<meta name=\"description\" content=\"A clonagem permite ao criador perpetuar a gen\u00e9tica de seus melhores animais, sejam jovens, saud\u00e1veis, idosos ou com alguma patologia.\" \/>\n<meta name=\"robots\" content=\"index, follow, max-snippet:-1, max-image-preview:large, max-video-preview:-1\" \/>\n<link rel=\"canonical\" href=\"https:\/\/fortgen.com\/en\/clonagem\/\" \/>\n<meta property=\"og:locale\" content=\"en_US\" \/>\n<meta property=\"og:type\" content=\"article\" \/>\n<meta property=\"og:title\" content=\"Clonagem - Solu\u00e7\u00f5es em Biotecnologia Animal\" \/>\n<meta property=\"og:description\" content=\"A clonagem permite ao criador perpetuar a gen\u00e9tica de seus melhores animais, sejam jovens, saud\u00e1veis, idosos ou com alguma patologia.\" \/>\n<meta property=\"og:url\" content=\"https:\/\/fortgen.com\/en\/clonagem\/\" \/>\n<meta property=\"og:site_name\" content=\"Solu\u00e7\u00f5es em Biotecnologia Animal\" \/>\n<meta property=\"article:modified_time\" content=\"2026-04-22T12:35:52+00:00\" \/>\n<meta property=\"og:image\" content=\"https:\/\/fortgen.com\/wp-content\/uploads\/2023\/01\/clonagem-bee.webp\" \/>\n\t<meta property=\"og:image:width\" content=\"459\" \/>\n\t<meta property=\"og:image:height\" content=\"384\" \/>\n\t<meta property=\"og:image:type\" content=\"image\/webp\" \/>\n<meta name=\"twitter:card\" content=\"summary_large_image\" \/>\n<meta name=\"twitter:label1\" content=\"Est. reading time\" \/>\n\t<meta name=\"twitter:data1\" content=\"5 minutes\" \/>\n<!-- \/ Yoast SEO plugin. -->","yoast_head_json":{"title":"Clonagem - Solu\u00e7\u00f5es em Biotecnologia Animal","description":"A clonagem permite ao criador perpetuar a gen\u00e9tica de seus melhores animais, sejam jovens, saud\u00e1veis, idosos ou com alguma patologia.","robots":{"index":"index","follow":"follow","max-snippet":"max-snippet:-1","max-image-preview":"max-image-preview:large","max-video-preview":"max-video-preview:-1"},"canonical":"https:\/\/fortgen.com\/en\/clonagem\/","og_locale":"en_US","og_type":"article","og_title":"Clonagem - Solu\u00e7\u00f5es em Biotecnologia Animal","og_description":"A clonagem permite ao criador perpetuar a gen\u00e9tica de seus melhores animais, sejam jovens, saud\u00e1veis, idosos ou com alguma patologia.","og_url":"https:\/\/fortgen.com\/en\/clonagem\/","og_site_name":"Solu\u00e7\u00f5es em Biotecnologia Animal","article_modified_time":"2026-04-22T12:35:52+00:00","og_image":[{"width":459,"height":384,"url":"https:\/\/fortgen.com\/wp-content\/uploads\/2023\/01\/clonagem-bee.webp","type":"image\/webp"}],"twitter_card":"summary_large_image","twitter_misc":{"Est. reading time":"5 minutes"},"schema":{"@context":"https:\/\/schema.org","@graph":[{"@type":"WebPage","@id":"https:\/\/fortgen.com\/clonagem\/","url":"https:\/\/fortgen.com\/clonagem\/","name":"Clonagem - Solu\u00e7\u00f5es em Biotecnologia Animal","isPartOf":{"@id":"https:\/\/fortgen.com\/#website"},"primaryImageOfPage":{"@id":"https:\/\/fortgen.com\/clonagem\/#primaryimage"},"image":{"@id":"https:\/\/fortgen.com\/clonagem\/#primaryimage"},"thumbnailUrl":"https:\/\/fortgen.com\/wp-content\/uploads\/2023\/01\/clonagem-bee.webp","datePublished":"2022-05-27T18:45:45+00:00","dateModified":"2026-04-22T12:35:52+00:00","description":"A clonagem permite ao criador perpetuar a gen\u00e9tica de seus melhores animais, sejam jovens, saud\u00e1veis, idosos ou com alguma patologia.","inLanguage":"en-US","potentialAction":[{"@type":"ReadAction","target":["https:\/\/fortgen.com\/clonagem\/"]}]},{"@type":"ImageObject","inLanguage":"en-US","@id":"https:\/\/fortgen.com\/clonagem\/#primaryimage","url":"https:\/\/fortgen.com\/wp-content\/uploads\/2023\/01\/clonagem-bee.webp","contentUrl":"https:\/\/fortgen.com\/wp-content\/uploads\/2023\/01\/clonagem-bee.webp"},{"@type":"WebSite","@id":"https:\/\/fortgen.com\/#website","url":"https:\/\/fortgen.com\/","name":"Solu\u00e7\u00f5es em Biotecnologia Animal","description":"Solu\u00e7\u00f5es Avan\u00e7adas em Biotecnologia Animal. Empresa L\u00edder em Clonagem de Ovinos e Caprinos: Produ\u00e7\u00e3o In Vitro de Embri\u00f5es, Clonagem Animal e Edi\u00e7\u00e3o Gen\u00f4mica.","publisher":{"@id":"https:\/\/fortgen.com\/#organization"},"potentialAction":[{"@type":"SearchAction","target":{"@type":"EntryPoint","urlTemplate":"https:\/\/fortgen.com\/?s={search_term_string}"},"query-input":{"@type":"PropertyValueSpecification","valueRequired":true,"valueName":"search_term_string"}}],"inLanguage":"en-US"},{"@type":"Organization","@id":"https:\/\/fortgen.com\/#organization","name":"Fortgen | Solu\u00e7\u00f5es em Biotecnologia Animal","alternateName":"Fortgen | Solu\u00e7\u00f5es em Biotecnologia Animal","url":"https:\/\/fortgen.com\/","logo":{"@type":"ImageObject","inLanguage":"en-US","@id":"https:\/\/fortgen.com\/#\/schema\/logo\/image\/","url":"https:\/\/fortgen.com\/wp-content\/uploads\/2022\/09\/Group-2084-1.png","contentUrl":"https:\/\/fortgen.com\/wp-content\/uploads\/2022\/09\/Group-2084-1.png","width":918,"height":1033,"caption":"Fortgen | Solu\u00e7\u00f5es em Biotecnologia Animal"},"image":{"@id":"https:\/\/fortgen.com\/#\/schema\/logo\/image\/"},"sameAs":["https:\/\/www.instagram.com\/fortgenbiotec\/"]}]}},"_links":{"self":[{"href":"https:\/\/fortgen.com\/en\/wp-json\/wp\/v2\/pages\/33","targetHints":{"allow":["GET"]}}],"collection":[{"href":"https:\/\/fortgen.com\/en\/wp-json\/wp\/v2\/pages"}],"about":[{"href":"https:\/\/fortgen.com\/en\/wp-json\/wp\/v2\/types\/page"}],"author":[{"embeddable":true,"href":"https:\/\/fortgen.com\/en\/wp-json\/wp\/v2\/users\/1"}],"replies":[{"embeddable":true,"href":"https:\/\/fortgen.com\/en\/wp-json\/wp\/v2\/comments?post=33"}],"version-history":[{"count":137,"href":"https:\/\/fortgen.com\/en\/wp-json\/wp\/v2\/pages\/33\/revisions"}],"predecessor-version":[{"id":2389,"href":"https:\/\/fortgen.com\/en\/wp-json\/wp\/v2\/pages\/33\/revisions\/2389"}],"wp:attachment":[{"href":"https:\/\/fortgen.com\/en\/wp-json\/wp\/v2\/media?parent=33"}],"curies":[{"name":"wp","href":"https:\/\/api.w.org\/{rel}","templated":true}]}}