{"id":37,"date":"2022-05-27T15:46:18","date_gmt":"2022-05-27T18:46:18","guid":{"rendered":"http:\/\/fortgen.com\/?page_id=37"},"modified":"2026-04-20T08:20:41","modified_gmt":"2026-04-20T11:20:41","slug":"banco-genetico","status":"publish","type":"page","link":"https:\/\/fortgen.com\/en\/banco-genetico\/","title":{"rendered":"Genetic Bank"},"content":{"rendered":"<div data-elementor-type=\"wp-page\" data-elementor-id=\"37\" class=\"elementor elementor-37\" data-elementor-post-type=\"page\">\n\t\t\t\t\t\t<section class=\"has_ae_slider elementor-section elementor-top-section elementor-element elementor-element-0f4381f elementor-section-full_width elementor-section-height-default elementor-section-height-default ae-bg-gallery-type-default\" data-id=\"0f4381f\" data-element_type=\"section\" data-settings=\"{&quot;background_background&quot;:&quot;classic&quot;}\">\n\t\t\t\t\t\t<div class=\"elementor-container elementor-column-gap-default\">\n\t\t\t\t\t<div class=\"has_ae_slider elementor-column elementor-col-100 elementor-top-column elementor-element elementor-element-cdd7182 ae-bg-gallery-type-default\" data-id=\"cdd7182\" data-element_type=\"column\">\n\t\t\t<div class=\"elementor-widget-wrap elementor-element-populated\">\n\t\t\t\t\t\t<section class=\"has_ae_slider elementor-section elementor-inner-section elementor-element elementor-element-1ebed94 elementor-section-boxed elementor-section-height-default elementor-section-height-default ae-bg-gallery-type-default\" data-id=\"1ebed94\" data-element_type=\"section\">\n\t\t\t\t\t\t<div class=\"elementor-container elementor-column-gap-default\">\n\t\t\t\t\t<div class=\"has_ae_slider elementor-column elementor-col-50 elementor-inner-column elementor-element elementor-element-560bee9 ae-bg-gallery-type-default\" data-id=\"560bee9\" data-element_type=\"column\">\n\t\t\t<div class=\"elementor-widget-wrap elementor-element-populated\">\n\t\t\t\t\t\t<div class=\"elementor-element elementor-element-bffd9f5 elementor-widget elementor-widget-heading\" data-id=\"bffd9f5\" data-element_type=\"widget\" data-widget_type=\"heading.default\">\n\t\t\t\t<div class=\"elementor-widget-container\">\n\t\t\t\t\t<h1 class=\"elementor-heading-title elementor-size-default\">Cell Bank<\/h1>\t\t\t\t<\/div>\n\t\t\t\t<\/div>\n\t\t\t\t<div class=\"elementor-element elementor-element-878da73 elementor-widget elementor-widget-text-editor\" data-id=\"878da73\" data-element_type=\"widget\" data-widget_type=\"text-editor.default\">\n\t\t\t\t<div class=\"elementor-widget-container\">\n\t\t\t\t\t\t\t\t\t<p>From a skin biopsy collected from the tail fold or ear, a cell bank is created for the animal(s) of interest. The collected tissue is sent to the laboratory by road or air transport. In the laboratory, the tissue is sanitized and cut into small fragments, which are then cultured for approximately 14 days.<\/p><p>Throughout the culture period, a large number of cells (fibroblasts) detach from the tissue fragments and multiply. Millions of cells are stored in liquid nitrogen. At this point, the Cell Bank is established. Storage time is unlimited.<\/p><p>The Cell Bank can be considered a kind of life insurance, as the Animal Cloning process can be initiated at any time using the previously stored cells. Young or old animals, healthy or diseased, alive or deceased, can be cloned once the Cell Bank has been established.<\/p>\t\t\t\t\t\t\t\t<\/div>\n\t\t\t\t<\/div>\n\t\t\t\t\t<\/div>\n\t\t<\/div>\n\t\t\t\t<div class=\"has_ae_slider elementor-column elementor-col-50 elementor-inner-column elementor-element elementor-element-e851b8c ae-bg-gallery-type-default\" data-id=\"e851b8c\" data-element_type=\"column\">\n\t\t\t<div class=\"elementor-widget-wrap elementor-element-populated\">\n\t\t\t\t\t\t<div class=\"elementor-element elementor-element-af372ab elementor-invisible elementor-widget elementor-widget-image\" data-id=\"af372ab\" data-element_type=\"widget\" data-settings=\"{&quot;_animation&quot;:&quot;fadeInRight&quot;}\" data-widget_type=\"image.default\">\n\t\t\t\t<div class=\"elementor-widget-container\">\n\t\t\t\t\t\t\t\t\t\t\t\t\t\t\t<img fetchpriority=\"high\" decoding=\"async\" width=\"438\" height=\"612\" src=\"https:\/\/fortgen.com\/wp-content\/uploads\/2023\/01\/Rectangle-1174.webp\" class=\"attachment-large size-large wp-image-2037\" alt=\"\" srcset=\"https:\/\/fortgen.com\/wp-content\/uploads\/2023\/01\/Rectangle-1174.webp 438w, https:\/\/fortgen.com\/wp-content\/uploads\/2023\/01\/Rectangle-1174-215x300.webp 215w, https:\/\/fortgen.com\/wp-content\/uploads\/2023\/01\/Rectangle-1174-9x12.webp 9w\" sizes=\"(max-width: 438px) 100vw, 438px\" \/>\t\t\t\t\t\t\t\t\t\t\t\t\t\t\t<\/div>\n\t\t\t\t<\/div>\n\t\t\t\t<div class=\"elementor-element elementor-element-492a1b6 elementor-hidden-desktop elementor-widget elementor-widget-image\" data-id=\"492a1b6\" data-element_type=\"widget\" data-settings=\"{&quot;_animation_mobile&quot;:&quot;fadeInLeft&quot;}\" data-widget_type=\"image.default\">\n\t\t\t\t<div class=\"elementor-widget-container\">\n\t\t\t\t\t\t\t\t\t\t\t\t\t\t\t<img decoding=\"async\" width=\"800\" height=\"533\" src=\"https:\/\/fortgen.com\/wp-content\/uploads\/2022\/11\/banco-genetico-img1-1024x682.jpg\" class=\"attachment-large size-large wp-image-1572\" alt=\"\" srcset=\"https:\/\/fortgen.com\/wp-content\/uploads\/2022\/11\/banco-genetico-img1-1024x682.jpg 1024w, https:\/\/fortgen.com\/wp-content\/uploads\/2022\/11\/banco-genetico-img1-300x200.jpg 300w, https:\/\/fortgen.com\/wp-content\/uploads\/2022\/11\/banco-genetico-img1-768x512.jpg 768w, https:\/\/fortgen.com\/wp-content\/uploads\/2022\/11\/banco-genetico-img1-1536x1024.jpg 1536w, https:\/\/fortgen.com\/wp-content\/uploads\/2022\/11\/banco-genetico-img1.jpg 2000w\" sizes=\"(max-width: 800px) 100vw, 800px\" \/>\t\t\t\t\t\t\t\t\t\t\t\t\t\t\t<\/div>\n\t\t\t\t<\/div>\n\t\t\t\t<div class=\"elementor-element elementor-element-d9ff6f5 elementor-hidden-desktop elementor-widget elementor-widget-image\" data-id=\"d9ff6f5\" data-element_type=\"widget\" data-settings=\"{&quot;_animation_mobile&quot;:&quot;fadeInRight&quot;}\" data-widget_type=\"image.default\">\n\t\t\t\t<div class=\"elementor-widget-container\">\n\t\t\t\t\t\t\t\t\t\t\t\t\t\t\t<img decoding=\"async\" width=\"800\" height=\"570\" src=\"https:\/\/fortgen.com\/wp-content\/uploads\/2022\/11\/cell-technologies-in-biological-research-1024x730.jpg\" class=\"attachment-large size-large wp-image-1573\" alt=\"\" srcset=\"https:\/\/fortgen.com\/wp-content\/uploads\/2022\/11\/cell-technologies-in-biological-research-1024x730.jpg 1024w, https:\/\/fortgen.com\/wp-content\/uploads\/2022\/11\/cell-technologies-in-biological-research-300x214.jpg 300w, https:\/\/fortgen.com\/wp-content\/uploads\/2022\/11\/cell-technologies-in-biological-research-768x548.jpg 768w, https:\/\/fortgen.com\/wp-content\/uploads\/2022\/11\/cell-technologies-in-biological-research-1536x1095.jpg 1536w, https:\/\/fortgen.com\/wp-content\/uploads\/2022\/11\/cell-technologies-in-biological-research.jpg 2000w\" sizes=\"(max-width: 800px) 100vw, 800px\" \/>\t\t\t\t\t\t\t\t\t\t\t\t\t\t\t<\/div>\n\t\t\t\t<\/div>\n\t\t\t\t\t<\/div>\n\t\t<\/div>\n\t\t\t\t\t<\/div>\n\t\t<\/section>\n\t\t\t\t\t<\/div>\n\t\t<\/div>\n\t\t\t\t\t<\/div>\n\t\t<\/section>\n\t\t\t\t<section class=\"has_ae_slider elementor-section elementor-top-section elementor-element elementor-element-a260bc4 elementor-section-full_width elementor-hidden-tablet elementor-hidden-mobile elementor-section-height-default elementor-section-height-default ae-bg-gallery-type-default\" data-id=\"a260bc4\" data-element_type=\"section\">\n\t\t\t\t\t\t<div class=\"elementor-container elementor-column-gap-default\">\n\t\t\t\t\t<div class=\"has_ae_slider elementor-column elementor-col-100 elementor-top-column elementor-element elementor-element-2419819 ae-bg-gallery-type-default\" data-id=\"2419819\" data-element_type=\"column\">\n\t\t\t<div class=\"elementor-widget-wrap elementor-element-populated\">\n\t\t\t\t\t\t<section class=\"has_ae_slider elementor-section elementor-inner-section elementor-element elementor-element-890e14e elementor-section-boxed elementor-section-height-default elementor-section-height-default ae-bg-gallery-type-default\" data-id=\"890e14e\" data-element_type=\"section\">\n\t\t\t\t\t\t<div class=\"elementor-container elementor-column-gap-default\">\n\t\t\t\t\t<div class=\"has_ae_slider elementor-column elementor-col-50 elementor-inner-column elementor-element elementor-element-0dbd0c1 ae-bg-gallery-type-default\" data-id=\"0dbd0c1\" data-element_type=\"column\">\n\t\t\t<div class=\"elementor-widget-wrap elementor-element-populated\">\n\t\t\t\t\t\t<div class=\"elementor-element elementor-element-8d74c81 elementor-flip-box--effect-slide elementor-flip-box--direction-up elementor-invisible elementor-widget elementor-widget-flip-box\" data-id=\"8d74c81\" data-element_type=\"widget\" data-settings=\"{&quot;_animation&quot;:&quot;fadeInLeft&quot;}\" data-widget_type=\"flip-box.default\">\n\t\t\t\t<div class=\"elementor-widget-container\">\n\t\t\t\t\t\t\t<div class=\"elementor-flip-box\" tabindex=\"0\">\n\t\t\t<div class=\"elementor-flip-box__layer elementor-flip-box__front\">\n\t\t\t\t<div class=\"elementor-flip-box__layer__overlay\">\n\t\t\t\t\t<div class=\"elementor-flip-box__layer__inner\">\n\t\t\t\t\t\t\t\t\t\t\t\t\t<div class=\"elementor-icon-wrapper elementor-view-default\">\n\t\t\t\t\t\t\t\t<div class=\"elementor-icon\">\n\t\t\t\t\t\t\t\t\t\t\t\t\t\t\t\t\t<\/div>\n\t\t\t\t\t\t\t<\/div>\n\t\t\t\t\t\t\n\t\t\t\t\t\t\n\t\t\t\t\t\t\t\t\t\t\t<\/div>\n\t\t\t\t<\/div>\n\t\t\t<\/div>\n\t\t\t<div class=\"elementor-flip-box__layer elementor-flip-box__back\">\n\t\t\t<div class=\"elementor-flip-box__layer__overlay\">\n\t\t\t\t<div class=\"elementor-flip-box__layer__inner\">\n\t\t\t\t\t\t\t\t\t\t\t<h3 class=\"elementor-flip-box__layer__title\">\n\t\t\t\t\t\t\tCell Bank\t\t\t\t\t\t<\/h3>\n\t\t\t\t\t\n\t\t\t\t\t\n\t\t\t\t\t\t\t\t<\/div>\n\t\t<\/div>\n\t\t<\/div>\n\t\t<\/div>\n\t\t\t\t\t\t<\/div>\n\t\t\t\t<\/div>\n\t\t\t\t<div class=\"elementor-element elementor-element-f75902d elementor-flip-box--effect-slide elementor-flip-box--direction-up elementor-invisible elementor-widget elementor-widget-flip-box\" data-id=\"f75902d\" data-element_type=\"widget\" data-settings=\"{&quot;_animation&quot;:&quot;fadeInLeft&quot;}\" data-widget_type=\"flip-box.default\">\n\t\t\t\t<div class=\"elementor-widget-container\">\n\t\t\t\t\t<style>.elementor-element-f75902d{display:none !important}<\/style>\t\t\t\t<\/div>\n\t\t\t\t<\/div>\n\t\t\t\t\t<\/div>\n\t\t<\/div>\n\t\t\t\t<div class=\"has_ae_slider elementor-column elementor-col-50 elementor-inner-column elementor-element elementor-element-84a5380 ae-bg-gallery-type-default\" data-id=\"84a5380\" data-element_type=\"column\">\n\t\t\t<div class=\"elementor-widget-wrap elementor-element-populated\">\n\t\t\t\t\t\t<div class=\"elementor-element elementor-element-036e371 elementor-flip-box--effect-slide elementor-flip-box--direction-up elementor-invisible elementor-widget elementor-widget-flip-box\" data-id=\"036e371\" data-element_type=\"widget\" data-settings=\"{&quot;_animation&quot;:&quot;fadeInRight&quot;}\" data-widget_type=\"flip-box.default\">\n\t\t\t\t<div class=\"elementor-widget-container\">\n\t\t\t\t\t\t\t<div class=\"elementor-flip-box\" tabindex=\"0\">\n\t\t\t<div class=\"elementor-flip-box__layer elementor-flip-box__front\">\n\t\t\t\t<div class=\"elementor-flip-box__layer__overlay\">\n\t\t\t\t\t<div class=\"elementor-flip-box__layer__inner\">\n\t\t\t\t\t\t\t\t\t\t\t\t\t<div class=\"elementor-icon-wrapper elementor-view-default\">\n\t\t\t\t\t\t\t\t<div class=\"elementor-icon\">\n\t\t\t\t\t\t\t\t\t\t\t\t\t\t\t\t\t<\/div>\n\t\t\t\t\t\t\t<\/div>\n\t\t\t\t\t\t\n\t\t\t\t\t\t\n\t\t\t\t\t\t\t\t\t\t\t<\/div>\n\t\t\t\t<\/div>\n\t\t\t<\/div>\n\t\t\t<div class=\"elementor-flip-box__layer elementor-flip-box__back\">\n\t\t\t<div class=\"elementor-flip-box__layer__overlay\">\n\t\t\t\t<div class=\"elementor-flip-box__layer__inner\">\n\t\t\t\t\t\t\t\t\t\t\t<h3 class=\"elementor-flip-box__layer__title\">\n\t\t\t\t\t\t\tCell Bank\t\t\t\t\t\t<\/h3>\n\t\t\t\t\t\n\t\t\t\t\t\n\t\t\t\t\t\t\t\t<\/div>\n\t\t<\/div>\n\t\t<\/div>\n\t\t<\/div>\n\t\t\t\t\t\t<\/div>\n\t\t\t\t<\/div>\n\t\t\t\t<div class=\"elementor-element elementor-element-d1b24e1 elementor-flip-box--effect-slide elementor-flip-box--direction-up elementor-invisible elementor-widget elementor-widget-flip-box\" data-id=\"d1b24e1\" data-element_type=\"widget\" data-settings=\"{&quot;_animation&quot;:&quot;fadeInRight&quot;}\" data-widget_type=\"flip-box.default\">\n\t\t\t\t<div class=\"elementor-widget-container\">\n\t\t\t\t\t<style>.elementor-element-d1b24e1{display:none !important}<\/style>\t\t\t\t<\/div>\n\t\t\t\t<\/div>\n\t\t\t\t\t<\/div>\n\t\t<\/div>\n\t\t\t\t\t<\/div>\n\t\t<\/section>\n\t\t\t\t\t<\/div>\n\t\t<\/div>\n\t\t\t\t\t<\/div>\n\t\t<\/section>\n\t\t\t\t<section class=\"has_ae_slider elementor-section elementor-top-section elementor-element elementor-element-07db213 elementor-section-full_width elementor-hidden-desktop elementor-hidden-tablet elementor-hidden-mobile elementor-section-height-default elementor-section-height-default ae-bg-gallery-type-default\" data-id=\"07db213\" data-element_type=\"section\">\n\t\t\t\t\t\t<div class=\"elementor-container elementor-column-gap-default\">\n\t\t\t\t\t<div class=\"has_ae_slider elementor-column elementor-col-100 elementor-top-column elementor-element elementor-element-8b0426e ae-bg-gallery-type-default\" data-id=\"8b0426e\" data-element_type=\"column\">\n\t\t\t<div class=\"elementor-widget-wrap elementor-element-populated\">\n\t\t\t\t\t\t<div class=\"elementor-element elementor-element-9587aa3 elementor-widget elementor-widget-heading\" data-id=\"9587aa3\" data-element_type=\"widget\" data-widget_type=\"heading.default\">\n\t\t\t\t<div class=\"elementor-widget-container\">\n\t\t\t\t\t<h3 class=\"elementor-heading-title elementor-size-default\">Quem \u00e9 a Fortgen no mercado da FIV?<\/h3>\t\t\t\t<\/div>\n\t\t\t\t<\/div>\n\t\t\t\t<section class=\"has_ae_slider elementor-section elementor-inner-section elementor-element elementor-element-b64c8b5 elementor-section-boxed elementor-section-height-default elementor-section-height-default ae-bg-gallery-type-default\" data-id=\"b64c8b5\" data-element_type=\"section\">\n\t\t\t\t\t\t<div class=\"elementor-container elementor-column-gap-default\">\n\t\t\t\t\t<div class=\"has_ae_slider elementor-column elementor-col-100 elementor-inner-column elementor-element elementor-element-0308684 ae-bg-gallery-type-default\" data-id=\"0308684\" data-element_type=\"column\">\n\t\t\t<div class=\"elementor-widget-wrap elementor-element-populated\">\n\t\t\t\t\t\t<div class=\"elementor-element elementor-element-bf2f881 elementor-widget elementor-widget-text-editor\" data-id=\"bf2f881\" data-element_type=\"widget\" data-widget_type=\"text-editor.default\">\n\t\t\t\t<div class=\"elementor-widget-container\">\n\t\t\t\t\t\t\t\t\t<p>A equipe da Fortgen trabalha com FIV <strong>h\u00e1 mais de 15 anos<\/strong> e, atualmente, tem concentrado sua atua\u00e7\u00e3o nos estados do Nordeste. A Fortgen produz anualmente centenas de bezerros FIV de ra\u00e7as de leite e de corte.<\/p><p>Entre em contato com a nossa equipe para mais informa\u00e7\u00f5es.<\/p>\t\t\t\t\t\t\t\t<\/div>\n\t\t\t\t<\/div>\n\t\t\t\t<div class=\"elementor-element elementor-element-21930ea elementor-mobile-align-center elementor-align-center elementor-widget elementor-widget-button\" data-id=\"21930ea\" data-element_type=\"widget\" data-widget_type=\"button.default\">\n\t\t\t\t<div class=\"elementor-widget-container\">\n\t\t\t\t\t\t\t\t\t<div class=\"elementor-button-wrapper\">\n\t\t\t\t\t<a class=\"elementor-button elementor-button-link elementor-size-sm\" href=\"http:\/\/fortgen.com\/en\/contato\/\">\n\t\t\t\t\t\t<span class=\"elementor-button-content-wrapper\">\n\t\t\t\t\t\t\t\t\t<span class=\"elementor-button-text\">Entre em contato<\/span>\n\t\t\t\t\t<\/span>\n\t\t\t\t\t<\/a>\n\t\t\t\t<\/div>\n\t\t\t\t\t\t\t\t<\/div>\n\t\t\t\t<\/div>\n\t\t\t\t\t<\/div>\n\t\t<\/div>\n\t\t\t\t\t<\/div>\n\t\t<\/section>\n\t\t\t\t\t<\/div>\n\t\t<\/div>\n\t\t\t\t\t<\/div>\n\t\t<\/section>\n\t\t\t\t<\/div>","protected":false},"excerpt":{"rendered":"<p>Banco de C\u00e9lulas A partir de uma bi\u00f3psia de pele coletada da prega da cauda ou da orelha \u00e9 criado um banco de c\u00e9lulas do(s) animal(ais) de interesse. O tecido coletado \u00e9 enviado para o laborat\u00f3rio por transporte rodovi\u00e1rio ou a\u00e9reo. No laborat\u00f3rio, o tecido \u00e9 higienizado e cortado em pequenos fragmentos que s\u00e3o cultivados [&hellip;]<\/p>","protected":false},"author":5,"featured_media":0,"parent":0,"menu_order":0,"comment_status":"closed","ping_status":"closed","template":"","meta":{"_acf_changed":false,"footnotes":""},"class_list":["post-37","page","type-page","status-publish","hentry"],"acf":[],"yoast_head":"<!-- This site is optimized with the Yoast SEO plugin v26.6 - https:\/\/yoast.com\/wordpress\/plugins\/seo\/ -->\n<title>Banco Gen\u00e9tico - Solu\u00e7\u00f5es em Biotecnologia Animal<\/title>\n<meta name=\"description\" content=\"O Banco Gen\u00e9tico armazena as c\u00e9lulas que posteriormente, dar\u00e3o in\u00edcio ao processo de Clonagem dos Animais.\" \/>\n<meta name=\"robots\" content=\"index, follow, max-snippet:-1, max-image-preview:large, max-video-preview:-1\" \/>\n<link rel=\"canonical\" href=\"https:\/\/fortgen.com\/en\/banco-genetico\/\" \/>\n<meta property=\"og:locale\" content=\"en_US\" \/>\n<meta property=\"og:type\" content=\"article\" \/>\n<meta property=\"og:title\" content=\"Banco Gen\u00e9tico - Solu\u00e7\u00f5es em Biotecnologia Animal\" \/>\n<meta property=\"og:description\" content=\"O Banco Gen\u00e9tico armazena as c\u00e9lulas que posteriormente, dar\u00e3o in\u00edcio ao processo de Clonagem dos Animais.\" \/>\n<meta property=\"og:url\" content=\"https:\/\/fortgen.com\/en\/banco-genetico\/\" \/>\n<meta property=\"og:site_name\" content=\"Solu\u00e7\u00f5es em Biotecnologia Animal\" \/>\n<meta property=\"article:modified_time\" content=\"2026-04-20T11:20:41+00:00\" \/>\n<meta property=\"og:image\" content=\"https:\/\/fortgen.com\/wp-content\/uploads\/2023\/01\/Rectangle-1174.webp\" \/>\n<meta name=\"twitter:card\" content=\"summary_large_image\" \/>\n<meta name=\"twitter:label1\" content=\"Est. reading time\" \/>\n\t<meta name=\"twitter:data1\" content=\"2 minutes\" \/>\n<!-- \/ Yoast SEO plugin. -->","yoast_head_json":{"title":"Banco Gen\u00e9tico - Solu\u00e7\u00f5es em Biotecnologia Animal","description":"O Banco Gen\u00e9tico armazena as c\u00e9lulas que posteriormente, dar\u00e3o in\u00edcio ao processo de Clonagem dos Animais.","robots":{"index":"index","follow":"follow","max-snippet":"max-snippet:-1","max-image-preview":"max-image-preview:large","max-video-preview":"max-video-preview:-1"},"canonical":"https:\/\/fortgen.com\/en\/banco-genetico\/","og_locale":"en_US","og_type":"article","og_title":"Banco Gen\u00e9tico - Solu\u00e7\u00f5es em Biotecnologia Animal","og_description":"O Banco Gen\u00e9tico armazena as c\u00e9lulas que posteriormente, dar\u00e3o in\u00edcio ao processo de Clonagem dos Animais.","og_url":"https:\/\/fortgen.com\/en\/banco-genetico\/","og_site_name":"Solu\u00e7\u00f5es em Biotecnologia Animal","article_modified_time":"2026-04-20T11:20:41+00:00","og_image":[{"url":"https:\/\/fortgen.com\/wp-content\/uploads\/2023\/01\/Rectangle-1174.webp","type":"","width":"","height":""}],"twitter_card":"summary_large_image","twitter_misc":{"Est. reading time":"2 minutes"},"schema":{"@context":"https:\/\/schema.org","@graph":[{"@type":"WebPage","@id":"https:\/\/fortgen.com\/banco-genetico\/","url":"https:\/\/fortgen.com\/banco-genetico\/","name":"Banco Gen\u00e9tico - Solu\u00e7\u00f5es em Biotecnologia Animal","isPartOf":{"@id":"https:\/\/fortgen.com\/#website"},"primaryImageOfPage":{"@id":"https:\/\/fortgen.com\/banco-genetico\/#primaryimage"},"image":{"@id":"https:\/\/fortgen.com\/banco-genetico\/#primaryimage"},"thumbnailUrl":"https:\/\/fortgen.com\/wp-content\/uploads\/2023\/01\/Rectangle-1174.webp","datePublished":"2022-05-27T18:46:18+00:00","dateModified":"2026-04-20T11:20:41+00:00","description":"O Banco Gen\u00e9tico armazena as c\u00e9lulas que posteriormente, dar\u00e3o in\u00edcio ao processo de Clonagem dos Animais.","inLanguage":"en-US","potentialAction":[{"@type":"ReadAction","target":["https:\/\/fortgen.com\/banco-genetico\/"]}]},{"@type":"ImageObject","inLanguage":"en-US","@id":"https:\/\/fortgen.com\/banco-genetico\/#primaryimage","url":"https:\/\/fortgen.com\/wp-content\/uploads\/2023\/01\/Rectangle-1174.webp","contentUrl":"https:\/\/fortgen.com\/wp-content\/uploads\/2023\/01\/Rectangle-1174.webp"},{"@type":"WebSite","@id":"https:\/\/fortgen.com\/#website","url":"https:\/\/fortgen.com\/","name":"Solu\u00e7\u00f5es em Biotecnologia Animal","description":"Solu\u00e7\u00f5es Avan\u00e7adas em Biotecnologia Animal. Empresa L\u00edder em Clonagem de Ovinos e Caprinos: Produ\u00e7\u00e3o In Vitro de Embri\u00f5es, Clonagem Animal e Edi\u00e7\u00e3o Gen\u00f4mica.","publisher":{"@id":"https:\/\/fortgen.com\/#organization"},"potentialAction":[{"@type":"SearchAction","target":{"@type":"EntryPoint","urlTemplate":"https:\/\/fortgen.com\/?s={search_term_string}"},"query-input":{"@type":"PropertyValueSpecification","valueRequired":true,"valueName":"search_term_string"}}],"inLanguage":"en-US"},{"@type":"Organization","@id":"https:\/\/fortgen.com\/#organization","name":"Fortgen | Solu\u00e7\u00f5es em Biotecnologia Animal","alternateName":"Fortgen | Solu\u00e7\u00f5es em Biotecnologia Animal","url":"https:\/\/fortgen.com\/","logo":{"@type":"ImageObject","inLanguage":"en-US","@id":"https:\/\/fortgen.com\/#\/schema\/logo\/image\/","url":"https:\/\/fortgen.com\/wp-content\/uploads\/2022\/09\/Group-2084-1.png","contentUrl":"https:\/\/fortgen.com\/wp-content\/uploads\/2022\/09\/Group-2084-1.png","width":918,"height":1033,"caption":"Fortgen | Solu\u00e7\u00f5es em Biotecnologia Animal"},"image":{"@id":"https:\/\/fortgen.com\/#\/schema\/logo\/image\/"},"sameAs":["https:\/\/www.instagram.com\/fortgenbiotec\/"]}]}},"_links":{"self":[{"href":"https:\/\/fortgen.com\/en\/wp-json\/wp\/v2\/pages\/37","targetHints":{"allow":["GET"]}}],"collection":[{"href":"https:\/\/fortgen.com\/en\/wp-json\/wp\/v2\/pages"}],"about":[{"href":"https:\/\/fortgen.com\/en\/wp-json\/wp\/v2\/types\/page"}],"author":[{"embeddable":true,"href":"https:\/\/fortgen.com\/en\/wp-json\/wp\/v2\/users\/5"}],"replies":[{"embeddable":true,"href":"https:\/\/fortgen.com\/en\/wp-json\/wp\/v2\/comments?post=37"}],"version-history":[{"count":104,"href":"https:\/\/fortgen.com\/en\/wp-json\/wp\/v2\/pages\/37\/revisions"}],"predecessor-version":[{"id":2343,"href":"https:\/\/fortgen.com\/en\/wp-json\/wp\/v2\/pages\/37\/revisions\/2343"}],"wp:attachment":[{"href":"https:\/\/fortgen.com\/en\/wp-json\/wp\/v2\/media?parent=37"}],"curies":[{"name":"wp","href":"https:\/\/api.w.org\/{rel}","templated":true}]}}