{"id":452,"date":"2022-06-14T15:45:26","date_gmt":"2022-06-14T18:45:26","guid":{"rendered":"http:\/\/fortgen.com\/?page_id=452"},"modified":"2023-01-26T15:18:13","modified_gmt":"2023-01-26T18:18:13","slug":"a-fortgen","status":"publish","type":"page","link":"https:\/\/fortgen.com\/en\/a-fortgen\/","title":{"rendered":"Fortgen"},"content":{"rendered":"<div data-elementor-type=\"wp-page\" data-elementor-id=\"452\" class=\"elementor elementor-452\" data-elementor-post-type=\"page\">\n\t\t\t\t\t\t<section class=\"has_ae_slider elementor-section elementor-top-section elementor-element elementor-element-2927ee3 elementor-section-full_width elementor-section-height-default elementor-section-height-default ae-bg-gallery-type-default\" data-id=\"2927ee3\" data-element_type=\"section\">\n\t\t\t\t\t\t<div class=\"elementor-container elementor-column-gap-default\">\n\t\t\t\t\t<div class=\"has_ae_slider elementor-column elementor-col-100 elementor-top-column elementor-element elementor-element-dd5fe62 ae-bg-gallery-type-default\" data-id=\"dd5fe62\" data-element_type=\"column\">\n\t\t\t<div class=\"elementor-widget-wrap elementor-element-populated\">\n\t\t\t\t\t\t<section class=\"has_ae_slider elementor-section elementor-inner-section elementor-element elementor-element-8cdb004 elementor-section-boxed elementor-section-height-default elementor-section-height-default ae-bg-gallery-type-default\" data-id=\"8cdb004\" data-element_type=\"section\">\n\t\t\t\t\t\t<div class=\"elementor-container elementor-column-gap-default\">\n\t\t\t\t\t<div class=\"has_ae_slider elementor-column elementor-col-50 elementor-inner-column elementor-element elementor-element-29a7354 ae-bg-gallery-type-default\" data-id=\"29a7354\" data-element_type=\"column\">\n\t\t\t<div class=\"elementor-widget-wrap elementor-element-populated\">\n\t\t\t\t\t\t<div class=\"elementor-element elementor-element-552a891 elementor-widget elementor-widget-heading\" data-id=\"552a891\" data-element_type=\"widget\" data-widget_type=\"heading.default\">\n\t\t\t\t<div class=\"elementor-widget-container\">\n\t\t\t\t\t<h1 class=\"elementor-heading-title elementor-size-default\">Fortgen<\/h1>\t\t\t\t<\/div>\n\t\t\t\t<\/div>\n\t\t\t\t<div class=\"elementor-element elementor-element-3c2c256 elementor-widget-divider--view-line elementor-widget elementor-widget-divider\" data-id=\"3c2c256\" data-element_type=\"widget\" data-widget_type=\"divider.default\">\n\t\t\t\t<div class=\"elementor-widget-container\">\n\t\t\t\t\t\t\t<div class=\"elementor-divider\">\n\t\t\t<span class=\"elementor-divider-separator\">\n\t\t\t\t\t\t<\/span>\n\t\t<\/div>\n\t\t\t\t\t\t<\/div>\n\t\t\t\t<\/div>\n\t\t\t\t<div class=\"elementor-element elementor-element-2861a7e elementor-widget elementor-widget-text-editor\" data-id=\"2861a7e\" data-element_type=\"widget\" data-widget_type=\"text-editor.default\">\n\t\t\t\t<div class=\"elementor-widget-container\">\n\t\t\t\t\t\t\t\t\tKnow who we are.\t\t\t\t\t\t\t\t<\/div>\n\t\t\t\t<\/div>\n\t\t\t\t<div class=\"elementor-element elementor-element-254c2ac elementor-widget elementor-widget-text-editor\" data-id=\"254c2ac\" data-element_type=\"widget\" data-widget_type=\"text-editor.default\">\n\t\t\t\t<div class=\"elementor-widget-container\">\n\t\t\t\t\t\t\t\t\t<p>A Fortgen, empresa de solu\u00e7\u00f5es avan\u00e7adas em Biotecnologia Animal, teve sua origem alicer\u00e7ada no desenvolvimento de animais geneticamente modificados para a ind\u00fastria biofarmac\u00eautica, o que lhe permitiu, al\u00e9m de dominar, aperfei\u00e7oar t\u00e9cnicas como a fecunda\u00e7\u00e3o in vitro (FIV) e a clonagem animal. A Fortgen \u00e9 uma empresa com grande bagagem pr\u00e1tica e tecnol\u00f3gica nacional e internacional que tem atuado na transforma\u00e7\u00e3o do conhecimento cient\u00edfico em ferramentas inteligentes que agregam valor \u00e0s Biotecnologias da Reprodu\u00e7\u00e3o e \u00e0 Engenharia Gen\u00e9tica, tornando-as progressivamente melhores e mais lucrativas. A Fortgen atua desde 2014 no mercado de biotecnologias da reprodu\u00e7\u00e3o e no campo da engenharia gen\u00e9tica de alta precis\u00e3o, focando em \u00e1reas como a FIV, clonagem, banco gen\u00e9tico, transgenia e edi\u00e7\u00e3o g\u00eanica.<\/p>\t\t\t\t\t\t\t\t<\/div>\n\t\t\t\t<\/div>\n\t\t\t\t\t<\/div>\n\t\t<\/div>\n\t\t\t\t<div class=\"has_ae_slider elementor-column elementor-col-50 elementor-inner-column elementor-element elementor-element-b86999d ae-bg-gallery-type-default\" data-id=\"b86999d\" data-element_type=\"column\">\n\t\t\t<div class=\"elementor-widget-wrap elementor-element-populated\">\n\t\t\t\t\t\t<div class=\"elementor-element elementor-element-66f9a52 elementor-widget elementor-widget-image\" data-id=\"66f9a52\" data-element_type=\"widget\" data-widget_type=\"image.default\">\n\t\t\t\t<div class=\"elementor-widget-container\">\n\t\t\t\t\t\t\t\t\t\t\t\t\t\t\t<img decoding=\"async\" width=\"165\" height=\"178\" src=\"https:\/\/fortgen.com\/wp-content\/uploads\/2022\/09\/LOGO-FORTGEN-1.png\" class=\"attachment-large size-large wp-image-1344\" alt=\"\" \/>\t\t\t\t\t\t\t\t\t\t\t\t\t\t\t<\/div>\n\t\t\t\t<\/div>\n\t\t\t\t\t<\/div>\n\t\t<\/div>\n\t\t\t\t\t<\/div>\n\t\t<\/section>\n\t\t\t\t\t<\/div>\n\t\t<\/div>\n\t\t\t\t\t<\/div>\n\t\t<\/section>\n\t\t\t\t<section class=\"has_ae_slider elementor-section elementor-top-section elementor-element elementor-element-1079a33 elementor-section-boxed elementor-section-height-default elementor-section-height-default ae-bg-gallery-type-default\" data-id=\"1079a33\" data-element_type=\"section\">\n\t\t\t\t\t\t<div class=\"elementor-container elementor-column-gap-default\">\n\t\t\t\t\t<div class=\"has_ae_slider elementor-column elementor-col-100 elementor-top-column elementor-element elementor-element-251b47b ae-bg-gallery-type-default\" data-id=\"251b47b\" data-element_type=\"column\">\n\t\t\t<div class=\"elementor-widget-wrap elementor-element-populated\">\n\t\t\t\t\t\t<section class=\"has_ae_slider elementor-section elementor-inner-section elementor-element elementor-element-ef2f219 elementor-section-boxed elementor-section-height-default elementor-section-height-default ae-bg-gallery-type-default\" data-id=\"ef2f219\" data-element_type=\"section\">\n\t\t\t\t\t\t<div class=\"elementor-container elementor-column-gap-default\">\n\t\t\t\t\t<div class=\"has_ae_slider elementor-column elementor-col-100 elementor-inner-column elementor-element elementor-element-da33ccf ae-bg-gallery-type-default\" data-id=\"da33ccf\" data-element_type=\"column\">\n\t\t\t<div class=\"elementor-widget-wrap elementor-element-populated\">\n\t\t\t\t\t\t<div class=\"elementor-element elementor-element-a2647e7 elementor-widget elementor-widget-heading\" data-id=\"a2647e7\" data-element_type=\"widget\" data-widget_type=\"heading.default\">\n\t\t\t\t<div class=\"elementor-widget-container\">\n\t\t\t\t\t<h2 class=\"elementor-heading-title elementor-size-default\">Mission and values<\/h2>\t\t\t\t<\/div>\n\t\t\t\t<\/div>\n\t\t\t\t<div class=\"elementor-element elementor-element-f840d78 elementor-widget elementor-widget-text-editor\" data-id=\"f840d78\" data-element_type=\"widget\" data-widget_type=\"text-editor.default\">\n\t\t\t\t<div class=\"elementor-widget-container\">\n\t\t\t\t\t\t\t\t\t<p><span style=\"font-weight: 400;\">We work to improve techniques, increase efficiency and deliver solutions. Our focus is on results, success and customer satisfaction. The Fortgen team lives structured around values such as integrity, transparency, cordiality, excellence and teamwork.<\/span><\/p>\t\t\t\t\t\t\t\t<\/div>\n\t\t\t\t<\/div>\n\t\t\t\t\t<\/div>\n\t\t<\/div>\n\t\t\t\t\t<\/div>\n\t\t<\/section>\n\t\t\t\t\t<\/div>\n\t\t<\/div>\n\t\t\t\t\t<\/div>\n\t\t<\/section>\n\t\t\t\t<\/div>","protected":false},"excerpt":{"rendered":"<p>A Fortgen Saiba quem somos. A Fortgen, empresa de solu\u00e7\u00f5es avan\u00e7adas em Biotecnologia Animal, teve sua origem alicer\u00e7ada no desenvolvimento de animais geneticamente modificados para a ind\u00fastria biofarmac\u00eautica, o que lhe permitiu, al\u00e9m de dominar, aperfei\u00e7oar t\u00e9cnicas como a fecunda\u00e7\u00e3o in vitro (FIV) e a clonagem animal. A Fortgen \u00e9 uma empresa com grande bagagem [&hellip;]<\/p>","protected":false},"author":1,"featured_media":0,"parent":0,"menu_order":0,"comment_status":"closed","ping_status":"closed","template":"","meta":{"_acf_changed":false,"footnotes":""},"class_list":["post-452","page","type-page","status-publish","hentry"],"acf":[],"_links":{"self":[{"href":"https:\/\/fortgen.com\/en\/wp-json\/wp\/v2\/pages\/452","targetHints":{"allow":["GET"]}}],"collection":[{"href":"https:\/\/fortgen.com\/en\/wp-json\/wp\/v2\/pages"}],"about":[{"href":"https:\/\/fortgen.com\/en\/wp-json\/wp\/v2\/types\/page"}],"author":[{"embeddable":true,"href":"https:\/\/fortgen.com\/en\/wp-json\/wp\/v2\/users\/1"}],"replies":[{"embeddable":true,"href":"https:\/\/fortgen.com\/en\/wp-json\/wp\/v2\/comments?post=452"}],"version-history":[{"count":56,"href":"https:\/\/fortgen.com\/en\/wp-json\/wp\/v2\/pages\/452\/revisions"}],"predecessor-version":[{"id":2001,"href":"https:\/\/fortgen.com\/en\/wp-json\/wp\/v2\/pages\/452\/revisions\/2001"}],"wp:attachment":[{"href":"https:\/\/fortgen.com\/en\/wp-json\/wp\/v2\/media?parent=452"}],"curies":[{"name":"wp","href":"https:\/\/api.w.org\/{rel}","templated":true}]}}